{"id":37,"date":"2020-10-14T05:53:27","date_gmt":"2020-10-14T02:53:27","guid":{"rendered":"https:\/\/www.profitturkey.com\/?page_id=37"},"modified":"2020-11-03T19:39:15","modified_gmt":"2020-11-03T16:39:15","slug":"biz-kimiz","status":"publish","type":"page","link":"https:\/\/www.profitturkey.com\/cd9nu9\/biz-kimiz\/","title":{"rendered":"Biz Kimiz?"},"content":{"rendered":"\t\t<div data-elementor-type=\"wp-page\" data-elementor-id=\"37\" class=\"elementor elementor-37\">\n\t\t\t\t\t\t<section class=\"elementor-section elementor-top-section elementor-element elementor-element-ec32050 elementor-section-boxed elementor-section-height-default elementor-section-height-default\" data-id=\"ec32050\" data-element_type=\"section\" data-e-type=\"section\">\n\t\t\t\t\t\t<div class=\"elementor-container elementor-column-gap-default\">\n\t\t\t\t\t<div class=\"elementor-column elementor-col-100 elementor-top-column elementor-element elementor-element-ca22435\" data-id=\"ca22435\" data-element_type=\"column\" data-e-type=\"column\">\n\t\t\t<div class=\"elementor-widget-wrap elementor-element-populated\">\n\t\t\t\t\t\t<div class=\"elementor-element elementor-element-bd656be elementor-widget elementor-widget-image\" data-id=\"bd656be\" data-element_type=\"widget\" data-e-type=\"widget\" data-widget_type=\"image.default\">\n\t\t\t\t<div class=\"elementor-widget-container\">\n\t\t\t\t\t\t\t\t\t\t\t\t\t\t\t<img fetchpriority=\"high\" decoding=\"async\" width=\"1024\" height=\"666\" src=\"https:\/\/www.profitturkey.com\/cd9nu9\/wp-content\/uploads\/2020\/11\/2745b84306-1024x666.jpg\" class=\"attachment-large size-large wp-image-283\" alt=\"\" srcset=\"https:\/\/www.profitturkey.com\/cd9nu9\/wp-content\/uploads\/2020\/11\/2745b84306-1024x666.jpg 1024w, https:\/\/www.profitturkey.com\/cd9nu9\/wp-content\/uploads\/2020\/11\/2745b84306-300x195.jpg 300w, https:\/\/www.profitturkey.com\/cd9nu9\/wp-content\/uploads\/2020\/11\/2745b84306-768x499.jpg 768w, https:\/\/www.profitturkey.com\/cd9nu9\/wp-content\/uploads\/2020\/11\/2745b84306.jpg 1500w\" sizes=\"(max-width: 1024px) 100vw, 1024px\" \/>\t\t\t\t\t\t\t\t\t\t\t\t\t\t\t<\/div>\n\t\t\t\t<\/div>\n\t\t\t\t<div class=\"elementor-element elementor-element-2443539 elementor-widget elementor-widget-text-editor\" data-id=\"2443539\" data-element_type=\"widget\" data-e-type=\"widget\" data-widget_type=\"text-editor.default\">\n\t\t\t\t<div class=\"elementor-widget-container\">\n\t\t\t\t\t\t\t\t\t<p>Profit T\u00fcrkiye olarak 2004 y\u0131l\u0131ndan bu yana, kurumsal perakendecilere kiralama arac\u0131l\u0131\u011f\u0131 ve gayrimenkul temini, yat\u0131r\u0131mc\u0131lara ise kurumsal kirac\u0131l\u0131 ticari gayrimenkul sat\u0131\u015f\u0131 konular\u0131nda hizmet veriyoruz. Son y\u0131llarda kurumsal m\u00fc\u015fterilerimizin talepleri do\u011frultusunda ofis pazar\u0131nda da yo\u011fun bir \u015fekilde faaliyet g\u00f6stermekteyiz.<\/p>\n<p>Profit T\u00fcrkiye, ticari gayrimenkul alan\u0131nda uzmanla\u015fm\u0131\u015ft\u0131r.&nbsp;<span style=\"font-size: 16px; color: var( --e-global-color-text );\">Kirac\u0131lara, mal sahiplerine, gayrimenkul yat\u0131r\u0131mc\u0131lar\u0131na, \u015firketlere arac\u0131l\u0131k ve dan\u0131\u015fmanl\u0131k hizmetleri vermekteyiz. Hizmet alan\u0131m\u0131z \u0130stanbul, Ankara, \u0130zmir, Bursa ve perakende pazar\u0131n\u0131n geli\u015fmekte oldu\u011fu di\u011fer b\u00fcy\u00fck \u015fehirlerdir. M\u00fc\u015fterilerimize karl\u0131 \u00e7\u00f6z\u00fcmler sunmak i\u00e7in \u00e7al\u0131\u015fmaktay\u0131z.<\/span><\/p>\n<p>Profit T\u00fcrkiye, gayrimenkul hizmetlerinde uzmanla\u015fm\u0131\u015f kadrosu ile \u0130stanbul, \u0130zmir, Ankara, Bursa ve T\u00fcrkiye genelinde say\u0131s\u0131 200\u2019\u00fc ge\u00e7en kiralama referans\u0131 olan, 90\u2019\u0131 ge\u00e7en ticari alan sat\u0131\u015f\u0131 ile m\u00fc\u015fteri beklentilerine en \u00fcst d\u00fczeyde cevap vermekteyiz.&nbsp; \u00d6zellikle pazar analizi, lokasyon temini s\u0131ras\u0131nda g\u00fcnl\u00fck, haftal\u0131k, ayl\u0131k ki\u015fi say\u0131mlar\u0131, caddelerdeki ma\u011faza karmas\u0131 sunumu, \u0130ngilizce sunum hizmetleri ile kiralamas\u0131n\u0131 ger\u00e7ekle\u015ftirdi\u011fimiz lokasyonlarda hizmet verdi\u011fimiz perakendecilerin zamandan tasarruf etmelerini sa\u011fl\u0131yor ve mevcut riskleri minimuma indirmeye \u00e7al\u0131\u015f\u0131yoruz.<\/p>\t\t\t\t\t\t\t\t<\/div>\n\t\t\t\t<\/div>\n\t\t\t\t\t<\/div>\n\t\t<\/div>\n\t\t\t\t\t<\/div>\n\t\t<\/section>\n\t\t\t\t<\/div>\n\t\t","protected":false},"excerpt":{"rendered":"<p>Profit T\u00fcrkiye olarak 2004 y\u0131l\u0131ndan bu yana, kurumsal perakendecilere kiralama arac\u0131l\u0131\u011f\u0131 ve gayrimenkul temini, yat\u0131r\u0131mc\u0131lara ise kurumsal kirac\u0131l\u0131 ticari gayrimenkul sat\u0131\u015f\u0131 konular\u0131nda hizmet veriyoruz. Son y\u0131llarda kurumsal m\u00fc\u015fterilerimizin talepleri do\u011frultusunda ofis pazar\u0131nda da yo\u011fun bir \u015fekilde faaliyet g\u00f6stermekteyiz. Profit T\u00fcrkiye, ticari gayrimenkul alan\u0131nda uzmanla\u015fm\u0131\u015ft\u0131r.&nbsp;Kirac\u0131lara, mal sahiplerine, gayrimenkul yat\u0131r\u0131mc\u0131lar\u0131na, \u015firketlere arac\u0131l\u0131k ve dan\u0131\u015fmanl\u0131k hizmetleri vermekteyiz. Hizmet [&hellip;]<\/p>\n","protected":false},"author":1,"featured_media":0,"parent":0,"menu_order":0,"comment_status":"closed","ping_status":"closed","template":"","meta":{"om_disable_all_campaigns":false,"_monsterinsights_skip_tracking":false,"_monsterinsights_sitenote_active":false,"_monsterinsights_sitenote_note":"","_monsterinsights_sitenote_category":0,"site-sidebar-layout":"no-sidebar","site-content-layout":"page-builder","ast-site-content-layout":"default","site-content-style":"default","site-sidebar-style":"default","ast-global-header-display":"","ast-banner-title-visibility":"","ast-main-header-display":"","ast-hfb-above-header-display":"","ast-hfb-below-header-display":"","ast-hfb-mobile-header-display":"","site-post-title":"disabled","ast-breadcrumbs-content":"","ast-featured-img":"disabled","footer-sml-layout":"","ast-disable-related-posts":"","theme-transparent-header-meta":"default","adv-header-id-meta":"","stick-header-meta":"","header-above-stick-meta":"","header-main-stick-meta":"","header-below-stick-meta":"","astra-migrate-meta-layouts":"default","ast-page-background-enabled":"default","ast-page-background-meta":{"desktop":{"background-color":"","background-image":"","background-repeat":"repeat","background-position":"center center","background-size":"auto","background-attachment":"scroll","background-type":"","background-media":"","overlay-type":"","overlay-color":"","overlay-opacity":"","overlay-gradient":""},"tablet":{"background-color":"","background-image":"","background-repeat":"repeat","background-position":"center center","background-size":"auto","background-attachment":"scroll","background-type":"","background-media":"","overlay-type":"","overlay-color":"","overlay-opacity":"","overlay-gradient":""},"mobile":{"background-color":"","background-image":"","background-repeat":"repeat","background-position":"center center","background-size":"auto","background-attachment":"scroll","background-type":"","background-media":"","overlay-type":"","overlay-color":"","overlay-opacity":"","overlay-gradient":""}},"ast-content-background-meta":{"desktop":{"background-color":"var(--ast-global-color-5)","background-image":"","background-repeat":"repeat","background-position":"center center","background-size":"auto","background-attachment":"scroll","background-type":"","background-media":"","overlay-type":"","overlay-color":"","overlay-opacity":"","overlay-gradient":""},"tablet":{"background-color":"var(--ast-global-color-5)","background-image":"","background-repeat":"repeat","background-position":"center center","background-size":"auto","background-attachment":"scroll","background-type":"","background-media":"","overlay-type":"","overlay-color":"","overlay-opacity":"","overlay-gradient":""},"mobile":{"background-color":"var(--ast-global-color-5)","background-image":"","background-repeat":"repeat","background-position":"center center","background-size":"auto","background-attachment":"scroll","background-type":"","background-media":"","overlay-type":"","overlay-color":"","overlay-opacity":"","overlay-gradient":""}},"footnotes":""},"class_list":["post-37","page","type-page","status-publish","hentry"],"yoast_head":"<!-- This site is optimized with the Yoast SEO plugin v27.5 - https:\/\/yoast.com\/product\/yoast-seo-wordpress\/ -->\n<title>Biz Kimiz? - Profit T\u00fcrkiye<\/title>\n<meta name=\"robots\" content=\"index, follow, max-snippet:-1, max-image-preview:large, max-video-preview:-1\" \/>\n<link rel=\"canonical\" href=\"https:\/\/www.profitturkey.com\/cd9nu9\/biz-kimiz\/\" \/>\n<meta property=\"og:locale\" content=\"en_US\" \/>\n<meta property=\"og:type\" content=\"article\" \/>\n<meta property=\"og:title\" content=\"Biz Kimiz? - Profit T\u00fcrkiye\" \/>\n<meta property=\"og:description\" content=\"Profit T\u00fcrkiye olarak 2004 y\u0131l\u0131ndan bu yana, kurumsal perakendecilere kiralama arac\u0131l\u0131\u011f\u0131 ve gayrimenkul temini, yat\u0131r\u0131mc\u0131lara ise kurumsal kirac\u0131l\u0131 ticari gayrimenkul sat\u0131\u015f\u0131 konular\u0131nda hizmet veriyoruz. Son y\u0131llarda kurumsal m\u00fc\u015fterilerimizin talepleri do\u011frultusunda ofis pazar\u0131nda da yo\u011fun bir \u015fekilde faaliyet g\u00f6stermekteyiz. Profit T\u00fcrkiye, ticari gayrimenkul alan\u0131nda uzmanla\u015fm\u0131\u015ft\u0131r.&nbsp;Kirac\u0131lara, mal sahiplerine, gayrimenkul yat\u0131r\u0131mc\u0131lar\u0131na, \u015firketlere arac\u0131l\u0131k ve dan\u0131\u015fmanl\u0131k hizmetleri vermekteyiz. Hizmet [&hellip;]\" \/>\n<meta property=\"og:url\" content=\"https:\/\/www.profitturkey.com\/cd9nu9\/biz-kimiz\/\" \/>\n<meta property=\"og:site_name\" content=\"Profit T\u00fcrkiye\" \/>\n<meta property=\"article:modified_time\" content=\"2020-11-03T16:39:15+00:00\" \/>\n<meta property=\"og:image\" content=\"https:\/\/www.profitturkey.com\/wp-content\/uploads\/2020\/11\/2745b84306-1024x666.jpg\" \/>\n<meta name=\"twitter:card\" content=\"summary_large_image\" \/>\n<meta name=\"twitter:label1\" content=\"Est. reading time\" \/>\n\t<meta name=\"twitter:data1\" content=\"1 minute\" \/>\n<script type=\"application\/ld+json\" class=\"yoast-schema-graph\">{\"@context\":\"https:\\\/\\\/schema.org\",\"@graph\":[{\"@type\":\"WebPage\",\"@id\":\"https:\\\/\\\/www.profitturkey.com\\\/cd9nu9\\\/biz-kimiz\\\/\",\"url\":\"https:\\\/\\\/www.profitturkey.com\\\/cd9nu9\\\/biz-kimiz\\\/\",\"name\":\"Biz Kimiz? - Profit T\u00fcrkiye\",\"isPartOf\":{\"@id\":\"https:\\\/\\\/www.profitturkey.com\\\/cd9nu9\\\/#website\"},\"primaryImageOfPage\":{\"@id\":\"https:\\\/\\\/www.profitturkey.com\\\/cd9nu9\\\/biz-kimiz\\\/#primaryimage\"},\"image\":{\"@id\":\"https:\\\/\\\/www.profitturkey.com\\\/cd9nu9\\\/biz-kimiz\\\/#primaryimage\"},\"thumbnailUrl\":\"https:\\\/\\\/www.profitturkey.com\\\/wp-content\\\/uploads\\\/2020\\\/11\\\/2745b84306-1024x666.jpg\",\"datePublished\":\"2020-10-14T02:53:27+00:00\",\"dateModified\":\"2020-11-03T16:39:15+00:00\",\"breadcrumb\":{\"@id\":\"https:\\\/\\\/www.profitturkey.com\\\/cd9nu9\\\/biz-kimiz\\\/#breadcrumb\"},\"inLanguage\":\"en-US\",\"potentialAction\":[{\"@type\":\"ReadAction\",\"target\":[\"https:\\\/\\\/www.profitturkey.com\\\/cd9nu9\\\/biz-kimiz\\\/\"]}]},{\"@type\":\"ImageObject\",\"inLanguage\":\"en-US\",\"@id\":\"https:\\\/\\\/www.profitturkey.com\\\/cd9nu9\\\/biz-kimiz\\\/#primaryimage\",\"url\":\"https:\\\/\\\/www.profitturkey.com\\\/wp-content\\\/uploads\\\/2020\\\/11\\\/2745b84306-1024x666.jpg\",\"contentUrl\":\"https:\\\/\\\/www.profitturkey.com\\\/wp-content\\\/uploads\\\/2020\\\/11\\\/2745b84306-1024x666.jpg\"},{\"@type\":\"BreadcrumbList\",\"@id\":\"https:\\\/\\\/www.profitturkey.com\\\/cd9nu9\\\/biz-kimiz\\\/#breadcrumb\",\"itemListElement\":[{\"@type\":\"ListItem\",\"position\":1,\"name\":\"Home\",\"item\":\"https:\\\/\\\/www.profitturkey.com\\\/\"},{\"@type\":\"ListItem\",\"position\":2,\"name\":\"Biz Kimiz?\"}]},{\"@type\":\"WebSite\",\"@id\":\"https:\\\/\\\/www.profitturkey.com\\\/cd9nu9\\\/#website\",\"url\":\"https:\\\/\\\/www.profitturkey.com\\\/cd9nu9\\\/\",\"name\":\"Profit T\u00fcrkiye\",\"description\":\"Profitable Solutions\",\"publisher\":{\"@id\":\"https:\\\/\\\/www.profitturkey.com\\\/cd9nu9\\\/#organization\"},\"potentialAction\":[{\"@type\":\"SearchAction\",\"target\":{\"@type\":\"EntryPoint\",\"urlTemplate\":\"https:\\\/\\\/www.profitturkey.com\\\/cd9nu9\\\/?s={search_term_string}\"},\"query-input\":{\"@type\":\"PropertyValueSpecification\",\"valueRequired\":true,\"valueName\":\"search_term_string\"}}],\"inLanguage\":\"en-US\"},{\"@type\":\"Organization\",\"@id\":\"https:\\\/\\\/www.profitturkey.com\\\/cd9nu9\\\/#organization\",\"name\":\"Profit T\u00fcrkiye\",\"url\":\"https:\\\/\\\/www.profitturkey.com\\\/cd9nu9\\\/\",\"logo\":{\"@type\":\"ImageObject\",\"inLanguage\":\"en-US\",\"@id\":\"https:\\\/\\\/www.profitturkey.com\\\/cd9nu9\\\/#\\\/schema\\\/logo\\\/image\\\/\",\"url\":\"https:\\\/\\\/www.profitturkey.com\\\/wp-content\\\/uploads\\\/2020\\\/08\\\/Profit_edited.png\",\"contentUrl\":\"https:\\\/\\\/www.profitturkey.com\\\/wp-content\\\/uploads\\\/2020\\\/08\\\/Profit_edited.png\",\"width\":386,\"height\":125,\"caption\":\"Profit T\u00fcrkiye\"},\"image\":{\"@id\":\"https:\\\/\\\/www.profitturkey.com\\\/cd9nu9\\\/#\\\/schema\\\/logo\\\/image\\\/\"}}]}<\/script>\n<!-- \/ Yoast SEO plugin. -->","yoast_head_json":{"title":"Biz Kimiz? - Profit T\u00fcrkiye","robots":{"index":"index","follow":"follow","max-snippet":"max-snippet:-1","max-image-preview":"max-image-preview:large","max-video-preview":"max-video-preview:-1"},"canonical":"https:\/\/www.profitturkey.com\/cd9nu9\/biz-kimiz\/","og_locale":"en_US","og_type":"article","og_title":"Biz Kimiz? - Profit T\u00fcrkiye","og_description":"Profit T\u00fcrkiye olarak 2004 y\u0131l\u0131ndan bu yana, kurumsal perakendecilere kiralama arac\u0131l\u0131\u011f\u0131 ve gayrimenkul temini, yat\u0131r\u0131mc\u0131lara ise kurumsal kirac\u0131l\u0131 ticari gayrimenkul sat\u0131\u015f\u0131 konular\u0131nda hizmet veriyoruz. Son y\u0131llarda kurumsal m\u00fc\u015fterilerimizin talepleri do\u011frultusunda ofis pazar\u0131nda da yo\u011fun bir \u015fekilde faaliyet g\u00f6stermekteyiz. Profit T\u00fcrkiye, ticari gayrimenkul alan\u0131nda uzmanla\u015fm\u0131\u015ft\u0131r.&nbsp;Kirac\u0131lara, mal sahiplerine, gayrimenkul yat\u0131r\u0131mc\u0131lar\u0131na, \u015firketlere arac\u0131l\u0131k ve dan\u0131\u015fmanl\u0131k hizmetleri vermekteyiz. Hizmet [&hellip;]","og_url":"https:\/\/www.profitturkey.com\/cd9nu9\/biz-kimiz\/","og_site_name":"Profit T\u00fcrkiye","article_modified_time":"2020-11-03T16:39:15+00:00","og_image":[{"url":"https:\/\/www.profitturkey.com\/wp-content\/uploads\/2020\/11\/2745b84306-1024x666.jpg","type":"","width":"","height":""}],"twitter_card":"summary_large_image","twitter_misc":{"Est. reading time":"1 minute"},"schema":{"@context":"https:\/\/schema.org","@graph":[{"@type":"WebPage","@id":"https:\/\/www.profitturkey.com\/cd9nu9\/biz-kimiz\/","url":"https:\/\/www.profitturkey.com\/cd9nu9\/biz-kimiz\/","name":"Biz Kimiz? - Profit T\u00fcrkiye","isPartOf":{"@id":"https:\/\/www.profitturkey.com\/cd9nu9\/#website"},"primaryImageOfPage":{"@id":"https:\/\/www.profitturkey.com\/cd9nu9\/biz-kimiz\/#primaryimage"},"image":{"@id":"https:\/\/www.profitturkey.com\/cd9nu9\/biz-kimiz\/#primaryimage"},"thumbnailUrl":"https:\/\/www.profitturkey.com\/wp-content\/uploads\/2020\/11\/2745b84306-1024x666.jpg","datePublished":"2020-10-14T02:53:27+00:00","dateModified":"2020-11-03T16:39:15+00:00","breadcrumb":{"@id":"https:\/\/www.profitturkey.com\/cd9nu9\/biz-kimiz\/#breadcrumb"},"inLanguage":"en-US","potentialAction":[{"@type":"ReadAction","target":["https:\/\/www.profitturkey.com\/cd9nu9\/biz-kimiz\/"]}]},{"@type":"ImageObject","inLanguage":"en-US","@id":"https:\/\/www.profitturkey.com\/cd9nu9\/biz-kimiz\/#primaryimage","url":"https:\/\/www.profitturkey.com\/wp-content\/uploads\/2020\/11\/2745b84306-1024x666.jpg","contentUrl":"https:\/\/www.profitturkey.com\/wp-content\/uploads\/2020\/11\/2745b84306-1024x666.jpg"},{"@type":"BreadcrumbList","@id":"https:\/\/www.profitturkey.com\/cd9nu9\/biz-kimiz\/#breadcrumb","itemListElement":[{"@type":"ListItem","position":1,"name":"Home","item":"https:\/\/www.profitturkey.com\/"},{"@type":"ListItem","position":2,"name":"Biz Kimiz?"}]},{"@type":"WebSite","@id":"https:\/\/www.profitturkey.com\/cd9nu9\/#website","url":"https:\/\/www.profitturkey.com\/cd9nu9\/","name":"Profit T\u00fcrkiye","description":"Profitable Solutions","publisher":{"@id":"https:\/\/www.profitturkey.com\/cd9nu9\/#organization"},"potentialAction":[{"@type":"SearchAction","target":{"@type":"EntryPoint","urlTemplate":"https:\/\/www.profitturkey.com\/cd9nu9\/?s={search_term_string}"},"query-input":{"@type":"PropertyValueSpecification","valueRequired":true,"valueName":"search_term_string"}}],"inLanguage":"en-US"},{"@type":"Organization","@id":"https:\/\/www.profitturkey.com\/cd9nu9\/#organization","name":"Profit T\u00fcrkiye","url":"https:\/\/www.profitturkey.com\/cd9nu9\/","logo":{"@type":"ImageObject","inLanguage":"en-US","@id":"https:\/\/www.profitturkey.com\/cd9nu9\/#\/schema\/logo\/image\/","url":"https:\/\/www.profitturkey.com\/wp-content\/uploads\/2020\/08\/Profit_edited.png","contentUrl":"https:\/\/www.profitturkey.com\/wp-content\/uploads\/2020\/08\/Profit_edited.png","width":386,"height":125,"caption":"Profit T\u00fcrkiye"},"image":{"@id":"https:\/\/www.profitturkey.com\/cd9nu9\/#\/schema\/logo\/image\/"}}]}},"_links":{"self":[{"href":"https:\/\/www.profitturkey.com\/cd9nu9\/wp-json\/wp\/v2\/pages\/37","targetHints":{"allow":["GET"]}}],"collection":[{"href":"https:\/\/www.profitturkey.com\/cd9nu9\/wp-json\/wp\/v2\/pages"}],"about":[{"href":"https:\/\/www.profitturkey.com\/cd9nu9\/wp-json\/wp\/v2\/types\/page"}],"author":[{"embeddable":true,"href":"https:\/\/www.profitturkey.com\/cd9nu9\/wp-json\/wp\/v2\/users\/1"}],"replies":[{"embeddable":true,"href":"https:\/\/www.profitturkey.com\/cd9nu9\/wp-json\/wp\/v2\/comments?post=37"}],"version-history":[{"count":8,"href":"https:\/\/www.profitturkey.com\/cd9nu9\/wp-json\/wp\/v2\/pages\/37\/revisions"}],"predecessor-version":[{"id":321,"href":"https:\/\/www.profitturkey.com\/cd9nu9\/wp-json\/wp\/v2\/pages\/37\/revisions\/321"}],"wp:attachment":[{"href":"https:\/\/www.profitturkey.com\/cd9nu9\/wp-json\/wp\/v2\/media?parent=37"}],"curies":[{"name":"wp","href":"https:\/\/api.w.org\/{rel}","templated":true}]}}