{"id":272,"date":"2020-11-03T18:34:31","date_gmt":"2020-11-03T15:34:31","guid":{"rendered":"https:\/\/www.profitturkey.com\/?page_id=272"},"modified":"2020-11-03T18:45:45","modified_gmt":"2020-11-03T15:45:45","slug":"kentsel-donusum-danismanligi","status":"publish","type":"page","link":"https:\/\/www.profitturkey.com\/cd9nu9\/kentsel-donusum-danismanligi\/","title":{"rendered":"Kentsel D\u00f6n\u00fc\u015f\u00fcm Dan\u0131\u015fmanl\u0131\u011f\u0131"},"content":{"rendered":"\t\t<div data-elementor-type=\"wp-page\" data-elementor-id=\"272\" class=\"elementor elementor-272\">\n\t\t\t\t\t\t<section class=\"elementor-section elementor-top-section elementor-element elementor-element-bd82dd1 elementor-section-boxed elementor-section-height-default elementor-section-height-default\" data-id=\"bd82dd1\" data-element_type=\"section\" data-e-type=\"section\">\n\t\t\t\t\t\t<div class=\"elementor-container elementor-column-gap-default\">\n\t\t\t\t\t<div class=\"elementor-column elementor-col-100 elementor-top-column elementor-element elementor-element-ca28600\" data-id=\"ca28600\" data-element_type=\"column\" data-e-type=\"column\">\n\t\t\t<div class=\"elementor-widget-wrap elementor-element-populated\">\n\t\t\t\t\t\t<div class=\"elementor-element elementor-element-9ba267f elementor-widget elementor-widget-heading\" data-id=\"9ba267f\" data-element_type=\"widget\" data-e-type=\"widget\" data-widget_type=\"heading.default\">\n\t\t\t\t<div class=\"elementor-widget-container\">\n\t\t\t\t\t<h2 class=\"elementor-heading-title elementor-size-default\">Kentsel D\u00f6n\u00fc\u015f\u00fcm Dan\u0131\u015fmanl\u0131\u011f\u0131<\/h2>\t\t\t\t<\/div>\n\t\t\t\t<\/div>\n\t\t\t\t<section class=\"elementor-section elementor-inner-section elementor-element elementor-element-3777628 elementor-section-boxed elementor-section-height-default elementor-section-height-default\" data-id=\"3777628\" data-element_type=\"section\" data-e-type=\"section\">\n\t\t\t\t\t\t<div class=\"elementor-container elementor-column-gap-default\">\n\t\t\t\t\t<div class=\"elementor-column elementor-col-50 elementor-inner-column elementor-element elementor-element-48ac976\" data-id=\"48ac976\" data-element_type=\"column\" data-e-type=\"column\">\n\t\t\t<div class=\"elementor-widget-wrap elementor-element-populated\">\n\t\t\t\t\t\t<div class=\"elementor-element elementor-element-df68ccd elementor-widget elementor-widget-text-editor\" data-id=\"df68ccd\" data-element_type=\"widget\" data-e-type=\"widget\" data-widget_type=\"text-editor.default\">\n\t\t\t\t<div class=\"elementor-widget-container\">\n\t\t\t\t\t\t\t\t\t<p>Profit T\u00fcrkiye, kentsel d\u00f6n\u00fc\u015f\u00fcm kapsam\u0131ndaki binalar\u0131n y\u0131k\u0131l\u0131p yeniden yap\u0131lma s\u00fcrecinde uygun proje geli\u015ftirerek ve t\u00fcm s\u00fcre\u00e7leri kontrol alt\u0131nda tutarak hak sahiplerinin ve m\u00fcteahhit firmalar\u0131n maksimum kazan\u00e7 elde etmelerini sa\u011flar.<\/p><ul><li>Arsan\u0131n imar durumuna g\u00f6re ve arsa sahiplerinin talepleri do\u011frultusunda mimari projenin ve teknik \u015fartnamenin haz\u0131rlanmas\u0131,<\/li><li>Arsa sahiplerinin ve m\u00fcteahhidin payla\u015f\u0131m paylar\u0131n\u0131n belirlenmesi,<\/li><li>Bitmi\u015f projedeki ba\u011f\u0131ms\u0131z b\u00f6l\u00fcmlerin sat\u0131\u015f de\u011ferlerinin belirlenmesi,<\/li><li>M\u00fcteahhit firmalar\u0131n tekliflerinin incelenmesi, finansal ve teknik kabiliyetlerinin analizi sonucunda m\u00fcteahhit firman\u0131n se\u00e7ilmesi,<\/li><li>M\u00fcteahhit ile imzalanacak protokol ve ana s\u00f6zle\u015fme s\u00fcresince hukuki destek verilmesi,<\/li><li>Kat maliklerinin ta\u015f\u0131nmas\u0131 s\u0131ras\u0131nda kiralama deste\u011fi verilmesi.<\/li><\/ul>\t\t\t\t\t\t\t\t<\/div>\n\t\t\t\t<\/div>\n\t\t\t\t\t<\/div>\n\t\t<\/div>\n\t\t\t\t<div class=\"elementor-column elementor-col-50 elementor-inner-column elementor-element elementor-element-286e52a\" data-id=\"286e52a\" data-element_type=\"column\" data-e-type=\"column\">\n\t\t\t<div class=\"elementor-widget-wrap elementor-element-populated\">\n\t\t\t\t\t\t<div class=\"elementor-element elementor-element-93f12f4 elementor-widget elementor-widget-image\" data-id=\"93f12f4\" data-element_type=\"widget\" data-e-type=\"widget\" data-widget_type=\"image.default\">\n\t\t\t\t<div class=\"elementor-widget-container\">\n\t\t\t\t\t\t\t\t\t\t\t\t\t\t\t<img fetchpriority=\"high\" decoding=\"async\" width=\"1024\" height=\"683\" src=\"https:\/\/www.profitturkey.com\/cd9nu9\/wp-content\/uploads\/2020\/11\/urban_transformation-1024x683.jpg\" class=\"attachment-large size-large wp-image-222\" alt=\"\" srcset=\"https:\/\/www.profitturkey.com\/cd9nu9\/wp-content\/uploads\/2020\/11\/urban_transformation-1024x683.jpg 1024w, https:\/\/www.profitturkey.com\/cd9nu9\/wp-content\/uploads\/2020\/11\/urban_transformation-300x200.jpg 300w, https:\/\/www.profitturkey.com\/cd9nu9\/wp-content\/uploads\/2020\/11\/urban_transformation-768x512.jpg 768w, https:\/\/www.profitturkey.com\/cd9nu9\/wp-content\/uploads\/2020\/11\/urban_transformation-1536x1024.jpg 1536w, https:\/\/www.profitturkey.com\/cd9nu9\/wp-content\/uploads\/2020\/11\/urban_transformation.jpg 1620w\" sizes=\"(max-width: 1024px) 100vw, 1024px\" \/>\t\t\t\t\t\t\t\t\t\t\t\t\t\t\t<\/div>\n\t\t\t\t<\/div>\n\t\t\t\t\t<\/div>\n\t\t<\/div>\n\t\t\t\t\t<\/div>\n\t\t<\/section>\n\t\t\t\t\t<\/div>\n\t\t<\/div>\n\t\t\t\t\t<\/div>\n\t\t<\/section>\n\t\t\t\t<\/div>\n\t\t","protected":false},"excerpt":{"rendered":"<p>Kentsel D\u00f6n\u00fc\u015f\u00fcm Dan\u0131\u015fmanl\u0131\u011f\u0131 Profit T\u00fcrkiye, kentsel d\u00f6n\u00fc\u015f\u00fcm kapsam\u0131ndaki binalar\u0131n y\u0131k\u0131l\u0131p yeniden yap\u0131lma s\u00fcrecinde uygun proje geli\u015ftirerek ve t\u00fcm s\u00fcre\u00e7leri kontrol alt\u0131nda tutarak hak sahiplerinin ve m\u00fcteahhit firmalar\u0131n maksimum kazan\u00e7 elde etmelerini sa\u011flar. Arsan\u0131n imar durumuna g\u00f6re ve arsa sahiplerinin talepleri do\u011frultusunda mimari projenin ve teknik \u015fartnamenin haz\u0131rlanmas\u0131, Arsa sahiplerinin ve m\u00fcteahhidin payla\u015f\u0131m paylar\u0131n\u0131n belirlenmesi, Bitmi\u015f [&hellip;]<\/p>\n","protected":false},"author":1,"featured_media":0,"parent":0,"menu_order":0,"comment_status":"closed","ping_status":"closed","template":"","meta":{"om_disable_all_campaigns":false,"_monsterinsights_skip_tracking":false,"_monsterinsights_sitenote_active":false,"_monsterinsights_sitenote_note":"","_monsterinsights_sitenote_category":0,"site-sidebar-layout":"no-sidebar","site-content-layout":"page-builder","ast-site-content-layout":"default","site-content-style":"default","site-sidebar-style":"default","ast-global-header-display":"","ast-banner-title-visibility":"","ast-main-header-display":"","ast-hfb-above-header-display":"","ast-hfb-below-header-display":"","ast-hfb-mobile-header-display":"","site-post-title":"disabled","ast-breadcrumbs-content":"","ast-featured-img":"disabled","footer-sml-layout":"","ast-disable-related-posts":"","theme-transparent-header-meta":"default","adv-header-id-meta":"","stick-header-meta":"","header-above-stick-meta":"","header-main-stick-meta":"","header-below-stick-meta":"","astra-migrate-meta-layouts":"default","ast-page-background-enabled":"default","ast-page-background-meta":{"desktop":{"background-color":"","background-image":"","background-repeat":"repeat","background-position":"center center","background-size":"auto","background-attachment":"scroll","background-type":"","background-media":"","overlay-type":"","overlay-color":"","overlay-opacity":"","overlay-gradient":""},"tablet":{"background-color":"","background-image":"","background-repeat":"repeat","background-position":"center center","background-size":"auto","background-attachment":"scroll","background-type":"","background-media":"","overlay-type":"","overlay-color":"","overlay-opacity":"","overlay-gradient":""},"mobile":{"background-color":"","background-image":"","background-repeat":"repeat","background-position":"center center","background-size":"auto","background-attachment":"scroll","background-type":"","background-media":"","overlay-type":"","overlay-color":"","overlay-opacity":"","overlay-gradient":""}},"ast-content-background-meta":{"desktop":{"background-color":"var(--ast-global-color-5)","background-image":"","background-repeat":"repeat","background-position":"center center","background-size":"auto","background-attachment":"scroll","background-type":"","background-media":"","overlay-type":"","overlay-color":"","overlay-opacity":"","overlay-gradient":""},"tablet":{"background-color":"var(--ast-global-color-5)","background-image":"","background-repeat":"repeat","background-position":"center center","background-size":"auto","background-attachment":"scroll","background-type":"","background-media":"","overlay-type":"","overlay-color":"","overlay-opacity":"","overlay-gradient":""},"mobile":{"background-color":"var(--ast-global-color-5)","background-image":"","background-repeat":"repeat","background-position":"center center","background-size":"auto","background-attachment":"scroll","background-type":"","background-media":"","overlay-type":"","overlay-color":"","overlay-opacity":"","overlay-gradient":""}},"footnotes":""},"class_list":["post-272","page","type-page","status-publish","hentry"],"yoast_head":"<!-- This site is optimized with the Yoast SEO plugin v27.5 - https:\/\/yoast.com\/product\/yoast-seo-wordpress\/ -->\n<title>Kentsel D\u00f6n\u00fc\u015f\u00fcm Dan\u0131\u015fmanl\u0131\u011f\u0131 - Profit T\u00fcrkiye<\/title>\n<meta name=\"robots\" content=\"index, follow, max-snippet:-1, max-image-preview:large, max-video-preview:-1\" \/>\n<link rel=\"canonical\" href=\"https:\/\/www.profitturkey.com\/cd9nu9\/kentsel-donusum-danismanligi\/\" \/>\n<meta property=\"og:locale\" content=\"en_US\" \/>\n<meta property=\"og:type\" content=\"article\" \/>\n<meta property=\"og:title\" content=\"Kentsel D\u00f6n\u00fc\u015f\u00fcm Dan\u0131\u015fmanl\u0131\u011f\u0131 - Profit T\u00fcrkiye\" \/>\n<meta property=\"og:description\" content=\"Kentsel D\u00f6n\u00fc\u015f\u00fcm Dan\u0131\u015fmanl\u0131\u011f\u0131 Profit T\u00fcrkiye, kentsel d\u00f6n\u00fc\u015f\u00fcm kapsam\u0131ndaki binalar\u0131n y\u0131k\u0131l\u0131p yeniden yap\u0131lma s\u00fcrecinde uygun proje geli\u015ftirerek ve t\u00fcm s\u00fcre\u00e7leri kontrol alt\u0131nda tutarak hak sahiplerinin ve m\u00fcteahhit firmalar\u0131n maksimum kazan\u00e7 elde etmelerini sa\u011flar. Arsan\u0131n imar durumuna g\u00f6re ve arsa sahiplerinin talepleri do\u011frultusunda mimari projenin ve teknik \u015fartnamenin haz\u0131rlanmas\u0131, Arsa sahiplerinin ve m\u00fcteahhidin payla\u015f\u0131m paylar\u0131n\u0131n belirlenmesi, Bitmi\u015f [&hellip;]\" \/>\n<meta property=\"og:url\" content=\"https:\/\/www.profitturkey.com\/cd9nu9\/kentsel-donusum-danismanligi\/\" \/>\n<meta property=\"og:site_name\" content=\"Profit T\u00fcrkiye\" \/>\n<meta property=\"article:modified_time\" content=\"2020-11-03T15:45:45+00:00\" \/>\n<meta property=\"og:image\" content=\"https:\/\/www.profitturkey.com\/wp-content\/uploads\/2020\/11\/urban_transformation-1024x683.jpg\" \/>\n<meta name=\"twitter:card\" content=\"summary_large_image\" \/>\n<meta name=\"twitter:label1\" content=\"Est. reading time\" \/>\n\t<meta name=\"twitter:data1\" content=\"1 minute\" \/>\n<script type=\"application\/ld+json\" class=\"yoast-schema-graph\">{\"@context\":\"https:\\\/\\\/schema.org\",\"@graph\":[{\"@type\":\"WebPage\",\"@id\":\"https:\\\/\\\/www.profitturkey.com\\\/cd9nu9\\\/kentsel-donusum-danismanligi\\\/\",\"url\":\"https:\\\/\\\/www.profitturkey.com\\\/cd9nu9\\\/kentsel-donusum-danismanligi\\\/\",\"name\":\"Kentsel D\u00f6n\u00fc\u015f\u00fcm Dan\u0131\u015fmanl\u0131\u011f\u0131 - Profit T\u00fcrkiye\",\"isPartOf\":{\"@id\":\"https:\\\/\\\/www.profitturkey.com\\\/cd9nu9\\\/#website\"},\"primaryImageOfPage\":{\"@id\":\"https:\\\/\\\/www.profitturkey.com\\\/cd9nu9\\\/kentsel-donusum-danismanligi\\\/#primaryimage\"},\"image\":{\"@id\":\"https:\\\/\\\/www.profitturkey.com\\\/cd9nu9\\\/kentsel-donusum-danismanligi\\\/#primaryimage\"},\"thumbnailUrl\":\"https:\\\/\\\/www.profitturkey.com\\\/wp-content\\\/uploads\\\/2020\\\/11\\\/urban_transformation-1024x683.jpg\",\"datePublished\":\"2020-11-03T15:34:31+00:00\",\"dateModified\":\"2020-11-03T15:45:45+00:00\",\"breadcrumb\":{\"@id\":\"https:\\\/\\\/www.profitturkey.com\\\/cd9nu9\\\/kentsel-donusum-danismanligi\\\/#breadcrumb\"},\"inLanguage\":\"en-US\",\"potentialAction\":[{\"@type\":\"ReadAction\",\"target\":[\"https:\\\/\\\/www.profitturkey.com\\\/cd9nu9\\\/kentsel-donusum-danismanligi\\\/\"]}]},{\"@type\":\"ImageObject\",\"inLanguage\":\"en-US\",\"@id\":\"https:\\\/\\\/www.profitturkey.com\\\/cd9nu9\\\/kentsel-donusum-danismanligi\\\/#primaryimage\",\"url\":\"https:\\\/\\\/www.profitturkey.com\\\/wp-content\\\/uploads\\\/2020\\\/11\\\/urban_transformation-1024x683.jpg\",\"contentUrl\":\"https:\\\/\\\/www.profitturkey.com\\\/wp-content\\\/uploads\\\/2020\\\/11\\\/urban_transformation-1024x683.jpg\"},{\"@type\":\"BreadcrumbList\",\"@id\":\"https:\\\/\\\/www.profitturkey.com\\\/cd9nu9\\\/kentsel-donusum-danismanligi\\\/#breadcrumb\",\"itemListElement\":[{\"@type\":\"ListItem\",\"position\":1,\"name\":\"Home\",\"item\":\"https:\\\/\\\/www.profitturkey.com\\\/\"},{\"@type\":\"ListItem\",\"position\":2,\"name\":\"Kentsel D\u00f6n\u00fc\u015f\u00fcm Dan\u0131\u015fmanl\u0131\u011f\u0131\"}]},{\"@type\":\"WebSite\",\"@id\":\"https:\\\/\\\/www.profitturkey.com\\\/cd9nu9\\\/#website\",\"url\":\"https:\\\/\\\/www.profitturkey.com\\\/cd9nu9\\\/\",\"name\":\"Profit T\u00fcrkiye\",\"description\":\"Profitable Solutions\",\"publisher\":{\"@id\":\"https:\\\/\\\/www.profitturkey.com\\\/cd9nu9\\\/#organization\"},\"potentialAction\":[{\"@type\":\"SearchAction\",\"target\":{\"@type\":\"EntryPoint\",\"urlTemplate\":\"https:\\\/\\\/www.profitturkey.com\\\/cd9nu9\\\/?s={search_term_string}\"},\"query-input\":{\"@type\":\"PropertyValueSpecification\",\"valueRequired\":true,\"valueName\":\"search_term_string\"}}],\"inLanguage\":\"en-US\"},{\"@type\":\"Organization\",\"@id\":\"https:\\\/\\\/www.profitturkey.com\\\/cd9nu9\\\/#organization\",\"name\":\"Profit T\u00fcrkiye\",\"url\":\"https:\\\/\\\/www.profitturkey.com\\\/cd9nu9\\\/\",\"logo\":{\"@type\":\"ImageObject\",\"inLanguage\":\"en-US\",\"@id\":\"https:\\\/\\\/www.profitturkey.com\\\/cd9nu9\\\/#\\\/schema\\\/logo\\\/image\\\/\",\"url\":\"https:\\\/\\\/www.profitturkey.com\\\/wp-content\\\/uploads\\\/2020\\\/08\\\/Profit_edited.png\",\"contentUrl\":\"https:\\\/\\\/www.profitturkey.com\\\/wp-content\\\/uploads\\\/2020\\\/08\\\/Profit_edited.png\",\"width\":386,\"height\":125,\"caption\":\"Profit T\u00fcrkiye\"},\"image\":{\"@id\":\"https:\\\/\\\/www.profitturkey.com\\\/cd9nu9\\\/#\\\/schema\\\/logo\\\/image\\\/\"}}]}<\/script>\n<!-- \/ Yoast SEO plugin. -->","yoast_head_json":{"title":"Kentsel D\u00f6n\u00fc\u015f\u00fcm Dan\u0131\u015fmanl\u0131\u011f\u0131 - Profit T\u00fcrkiye","robots":{"index":"index","follow":"follow","max-snippet":"max-snippet:-1","max-image-preview":"max-image-preview:large","max-video-preview":"max-video-preview:-1"},"canonical":"https:\/\/www.profitturkey.com\/cd9nu9\/kentsel-donusum-danismanligi\/","og_locale":"en_US","og_type":"article","og_title":"Kentsel D\u00f6n\u00fc\u015f\u00fcm Dan\u0131\u015fmanl\u0131\u011f\u0131 - Profit T\u00fcrkiye","og_description":"Kentsel D\u00f6n\u00fc\u015f\u00fcm Dan\u0131\u015fmanl\u0131\u011f\u0131 Profit T\u00fcrkiye, kentsel d\u00f6n\u00fc\u015f\u00fcm kapsam\u0131ndaki binalar\u0131n y\u0131k\u0131l\u0131p yeniden yap\u0131lma s\u00fcrecinde uygun proje geli\u015ftirerek ve t\u00fcm s\u00fcre\u00e7leri kontrol alt\u0131nda tutarak hak sahiplerinin ve m\u00fcteahhit firmalar\u0131n maksimum kazan\u00e7 elde etmelerini sa\u011flar. Arsan\u0131n imar durumuna g\u00f6re ve arsa sahiplerinin talepleri do\u011frultusunda mimari projenin ve teknik \u015fartnamenin haz\u0131rlanmas\u0131, Arsa sahiplerinin ve m\u00fcteahhidin payla\u015f\u0131m paylar\u0131n\u0131n belirlenmesi, Bitmi\u015f [&hellip;]","og_url":"https:\/\/www.profitturkey.com\/cd9nu9\/kentsel-donusum-danismanligi\/","og_site_name":"Profit T\u00fcrkiye","article_modified_time":"2020-11-03T15:45:45+00:00","og_image":[{"url":"https:\/\/www.profitturkey.com\/wp-content\/uploads\/2020\/11\/urban_transformation-1024x683.jpg","type":"","width":"","height":""}],"twitter_card":"summary_large_image","twitter_misc":{"Est. reading time":"1 minute"},"schema":{"@context":"https:\/\/schema.org","@graph":[{"@type":"WebPage","@id":"https:\/\/www.profitturkey.com\/cd9nu9\/kentsel-donusum-danismanligi\/","url":"https:\/\/www.profitturkey.com\/cd9nu9\/kentsel-donusum-danismanligi\/","name":"Kentsel D\u00f6n\u00fc\u015f\u00fcm Dan\u0131\u015fmanl\u0131\u011f\u0131 - Profit T\u00fcrkiye","isPartOf":{"@id":"https:\/\/www.profitturkey.com\/cd9nu9\/#website"},"primaryImageOfPage":{"@id":"https:\/\/www.profitturkey.com\/cd9nu9\/kentsel-donusum-danismanligi\/#primaryimage"},"image":{"@id":"https:\/\/www.profitturkey.com\/cd9nu9\/kentsel-donusum-danismanligi\/#primaryimage"},"thumbnailUrl":"https:\/\/www.profitturkey.com\/wp-content\/uploads\/2020\/11\/urban_transformation-1024x683.jpg","datePublished":"2020-11-03T15:34:31+00:00","dateModified":"2020-11-03T15:45:45+00:00","breadcrumb":{"@id":"https:\/\/www.profitturkey.com\/cd9nu9\/kentsel-donusum-danismanligi\/#breadcrumb"},"inLanguage":"en-US","potentialAction":[{"@type":"ReadAction","target":["https:\/\/www.profitturkey.com\/cd9nu9\/kentsel-donusum-danismanligi\/"]}]},{"@type":"ImageObject","inLanguage":"en-US","@id":"https:\/\/www.profitturkey.com\/cd9nu9\/kentsel-donusum-danismanligi\/#primaryimage","url":"https:\/\/www.profitturkey.com\/wp-content\/uploads\/2020\/11\/urban_transformation-1024x683.jpg","contentUrl":"https:\/\/www.profitturkey.com\/wp-content\/uploads\/2020\/11\/urban_transformation-1024x683.jpg"},{"@type":"BreadcrumbList","@id":"https:\/\/www.profitturkey.com\/cd9nu9\/kentsel-donusum-danismanligi\/#breadcrumb","itemListElement":[{"@type":"ListItem","position":1,"name":"Home","item":"https:\/\/www.profitturkey.com\/"},{"@type":"ListItem","position":2,"name":"Kentsel D\u00f6n\u00fc\u015f\u00fcm Dan\u0131\u015fmanl\u0131\u011f\u0131"}]},{"@type":"WebSite","@id":"https:\/\/www.profitturkey.com\/cd9nu9\/#website","url":"https:\/\/www.profitturkey.com\/cd9nu9\/","name":"Profit T\u00fcrkiye","description":"Profitable Solutions","publisher":{"@id":"https:\/\/www.profitturkey.com\/cd9nu9\/#organization"},"potentialAction":[{"@type":"SearchAction","target":{"@type":"EntryPoint","urlTemplate":"https:\/\/www.profitturkey.com\/cd9nu9\/?s={search_term_string}"},"query-input":{"@type":"PropertyValueSpecification","valueRequired":true,"valueName":"search_term_string"}}],"inLanguage":"en-US"},{"@type":"Organization","@id":"https:\/\/www.profitturkey.com\/cd9nu9\/#organization","name":"Profit T\u00fcrkiye","url":"https:\/\/www.profitturkey.com\/cd9nu9\/","logo":{"@type":"ImageObject","inLanguage":"en-US","@id":"https:\/\/www.profitturkey.com\/cd9nu9\/#\/schema\/logo\/image\/","url":"https:\/\/www.profitturkey.com\/wp-content\/uploads\/2020\/08\/Profit_edited.png","contentUrl":"https:\/\/www.profitturkey.com\/wp-content\/uploads\/2020\/08\/Profit_edited.png","width":386,"height":125,"caption":"Profit T\u00fcrkiye"},"image":{"@id":"https:\/\/www.profitturkey.com\/cd9nu9\/#\/schema\/logo\/image\/"}}]}},"_links":{"self":[{"href":"https:\/\/www.profitturkey.com\/cd9nu9\/wp-json\/wp\/v2\/pages\/272","targetHints":{"allow":["GET"]}}],"collection":[{"href":"https:\/\/www.profitturkey.com\/cd9nu9\/wp-json\/wp\/v2\/pages"}],"about":[{"href":"https:\/\/www.profitturkey.com\/cd9nu9\/wp-json\/wp\/v2\/types\/page"}],"author":[{"embeddable":true,"href":"https:\/\/www.profitturkey.com\/cd9nu9\/wp-json\/wp\/v2\/users\/1"}],"replies":[{"embeddable":true,"href":"https:\/\/www.profitturkey.com\/cd9nu9\/wp-json\/wp\/v2\/comments?post=272"}],"version-history":[{"count":2,"href":"https:\/\/www.profitturkey.com\/cd9nu9\/wp-json\/wp\/v2\/pages\/272\/revisions"}],"predecessor-version":[{"id":278,"href":"https:\/\/www.profitturkey.com\/cd9nu9\/wp-json\/wp\/v2\/pages\/272\/revisions\/278"}],"wp:attachment":[{"href":"https:\/\/www.profitturkey.com\/cd9nu9\/wp-json\/wp\/v2\/media?parent=272"}],"curies":[{"name":"wp","href":"https:\/\/api.w.org\/{rel}","templated":true}]}}