{"id":270,"date":"2020-11-03T18:33:47","date_gmt":"2020-11-03T15:33:47","guid":{"rendered":"https:\/\/www.profitturkey.com\/?page_id=270"},"modified":"2020-11-03T18:43:37","modified_gmt":"2020-11-03T15:43:37","slug":"franchise-danismanligi","status":"publish","type":"page","link":"https:\/\/www.profitturkey.com\/cd9nu9\/franchise-danismanligi\/","title":{"rendered":"Franchise Dan\u0131\u015fmanl\u0131\u011f\u0131"},"content":{"rendered":"\t\t<div data-elementor-type=\"wp-page\" data-elementor-id=\"270\" class=\"elementor elementor-270\">\n\t\t\t\t\t\t<section class=\"elementor-section elementor-top-section elementor-element elementor-element-bd82dd1 elementor-section-boxed elementor-section-height-default elementor-section-height-default\" data-id=\"bd82dd1\" data-element_type=\"section\" data-e-type=\"section\">\n\t\t\t\t\t\t<div class=\"elementor-container elementor-column-gap-default\">\n\t\t\t\t\t<div class=\"elementor-column elementor-col-100 elementor-top-column elementor-element elementor-element-ca28600\" data-id=\"ca28600\" data-element_type=\"column\" data-e-type=\"column\">\n\t\t\t<div class=\"elementor-widget-wrap elementor-element-populated\">\n\t\t\t\t\t\t<div class=\"elementor-element elementor-element-9ba267f elementor-widget elementor-widget-heading\" data-id=\"9ba267f\" data-element_type=\"widget\" data-e-type=\"widget\" data-widget_type=\"heading.default\">\n\t\t\t\t<div class=\"elementor-widget-container\">\n\t\t\t\t\t<h2 class=\"elementor-heading-title elementor-size-default\">Franchise Dan\u0131\u015fmanl\u0131\u011f\u0131<\/h2>\t\t\t\t<\/div>\n\t\t\t\t<\/div>\n\t\t\t\t<section class=\"elementor-section elementor-inner-section elementor-element elementor-element-3777628 elementor-section-boxed elementor-section-height-default elementor-section-height-default\" data-id=\"3777628\" data-element_type=\"section\" data-e-type=\"section\">\n\t\t\t\t\t\t<div class=\"elementor-container elementor-column-gap-default\">\n\t\t\t\t\t<div class=\"elementor-column elementor-col-50 elementor-inner-column elementor-element elementor-element-48ac976\" data-id=\"48ac976\" data-element_type=\"column\" data-e-type=\"column\">\n\t\t\t<div class=\"elementor-widget-wrap elementor-element-populated\">\n\t\t\t\t\t\t<div class=\"elementor-element elementor-element-df68ccd elementor-widget elementor-widget-text-editor\" data-id=\"df68ccd\" data-element_type=\"widget\" data-e-type=\"widget\" data-widget_type=\"text-editor.default\">\n\t\t\t\t<div class=\"elementor-widget-container\">\n\t\t\t\t\t\t\t\t\t<p>Profit T\u00fcrkiye, franchise sisteminin franchise veren ve alan aras\u0131nda sa\u011fl\u0131kl\u0131 bir ileti\u015fim ile ger\u00e7ekle\u015fmesini ve s\u00fcrd\u00fcr\u00fclmesini sa\u011flar.<\/p><p><strong>Franchise verenler i\u00e7in;<\/strong><\/p><ul><li>Firmalara uygun franchise stratejisinin geli\u015ftirilmesi ve aksiyon plan\u0131n\u0131n haz\u0131rlanmas\u0131,<\/li><li>Uygun yat\u0131r\u0131mc\u0131 alternatiflerinin bulunmas\u0131,<\/li><li>Hukuki a\u00e7\u0131dan kuvvetli franchise anla\u015fmas\u0131n\u0131n haz\u0131rlanmas\u0131 i\u00e7in destek verilmesi,<\/li><li>Uygun lokasyon se\u00e7iminin yap\u0131lmas\u0131 ve temin edilmesi,<\/li><li>Mimari dan\u0131\u015fmanl\u0131k hizmetleri konusunda arac\u0131l\u0131k edilmesi.<\/li><\/ul><p><strong>Franchise alanlar i\u00e7in;<\/strong><\/p><ul><li>Yat\u0131r\u0131mc\u0131ya uygun sekt\u00f6r ve marka alternatiflerinin olu\u015fturmas\u0131 ve se\u00e7im s\u00fcrecinde destek verilmesi,<\/li><li>Al\u0131c\u0131n\u0131n haklar\u0131n\u0131 g\u00f6zeten franchise anla\u015fmas\u0131n\u0131n yap\u0131lmas\u0131 i\u00e7in destek verilmesi,<\/li><li>Mimari dan\u0131\u015fmanl\u0131k hizmetleri konusunda arac\u0131l\u0131k edilmesi.<\/li><\/ul>\t\t\t\t\t\t\t\t<\/div>\n\t\t\t\t<\/div>\n\t\t\t\t\t<\/div>\n\t\t<\/div>\n\t\t\t\t<div class=\"elementor-column elementor-col-50 elementor-inner-column elementor-element elementor-element-286e52a\" data-id=\"286e52a\" data-element_type=\"column\" data-e-type=\"column\">\n\t\t\t<div class=\"elementor-widget-wrap elementor-element-populated\">\n\t\t\t\t\t\t<div class=\"elementor-element elementor-element-93f12f4 elementor-widget elementor-widget-image\" data-id=\"93f12f4\" data-element_type=\"widget\" data-e-type=\"widget\" data-widget_type=\"image.default\">\n\t\t\t\t<div class=\"elementor-widget-container\">\n\t\t\t\t\t\t\t\t\t\t\t\t\t\t\t<img fetchpriority=\"high\" decoding=\"async\" width=\"1024\" height=\"572\" src=\"https:\/\/www.profitturkey.com\/cd9nu9\/wp-content\/uploads\/2020\/10\/5224-Large-1024x572.jpg\" class=\"attachment-large size-large wp-image-158\" alt=\"\" srcset=\"https:\/\/www.profitturkey.com\/cd9nu9\/wp-content\/uploads\/2020\/10\/5224-Large-1024x572.jpg 1024w, https:\/\/www.profitturkey.com\/cd9nu9\/wp-content\/uploads\/2020\/10\/5224-Large-300x168.jpg 300w, https:\/\/www.profitturkey.com\/cd9nu9\/wp-content\/uploads\/2020\/10\/5224-Large-768x429.jpg 768w, https:\/\/www.profitturkey.com\/cd9nu9\/wp-content\/uploads\/2020\/10\/5224-Large-1536x858.jpg 1536w, https:\/\/www.profitturkey.com\/cd9nu9\/wp-content\/uploads\/2020\/10\/5224-Large.jpg 1607w\" sizes=\"(max-width: 1024px) 100vw, 1024px\" \/>\t\t\t\t\t\t\t\t\t\t\t\t\t\t\t<\/div>\n\t\t\t\t<\/div>\n\t\t\t\t\t<\/div>\n\t\t<\/div>\n\t\t\t\t\t<\/div>\n\t\t<\/section>\n\t\t\t\t\t<\/div>\n\t\t<\/div>\n\t\t\t\t\t<\/div>\n\t\t<\/section>\n\t\t\t\t<\/div>\n\t\t","protected":false},"excerpt":{"rendered":"<p>Franchise Dan\u0131\u015fmanl\u0131\u011f\u0131 Profit T\u00fcrkiye, franchise sisteminin franchise veren ve alan aras\u0131nda sa\u011fl\u0131kl\u0131 bir ileti\u015fim ile ger\u00e7ekle\u015fmesini ve s\u00fcrd\u00fcr\u00fclmesini sa\u011flar. Franchise verenler i\u00e7in; Firmalara uygun franchise stratejisinin geli\u015ftirilmesi ve aksiyon plan\u0131n\u0131n haz\u0131rlanmas\u0131, Uygun yat\u0131r\u0131mc\u0131 alternatiflerinin bulunmas\u0131, Hukuki a\u00e7\u0131dan kuvvetli franchise anla\u015fmas\u0131n\u0131n haz\u0131rlanmas\u0131 i\u00e7in destek verilmesi, Uygun lokasyon se\u00e7iminin yap\u0131lmas\u0131 ve temin edilmesi, Mimari dan\u0131\u015fmanl\u0131k hizmetleri konusunda [&hellip;]<\/p>\n","protected":false},"author":1,"featured_media":0,"parent":0,"menu_order":0,"comment_status":"closed","ping_status":"closed","template":"","meta":{"om_disable_all_campaigns":false,"_monsterinsights_skip_tracking":false,"_monsterinsights_sitenote_active":false,"_monsterinsights_sitenote_note":"","_monsterinsights_sitenote_category":0,"site-sidebar-layout":"no-sidebar","site-content-layout":"page-builder","ast-site-content-layout":"default","site-content-style":"default","site-sidebar-style":"default","ast-global-header-display":"","ast-banner-title-visibility":"","ast-main-header-display":"","ast-hfb-above-header-display":"","ast-hfb-below-header-display":"","ast-hfb-mobile-header-display":"","site-post-title":"disabled","ast-breadcrumbs-content":"","ast-featured-img":"disabled","footer-sml-layout":"","ast-disable-related-posts":"","theme-transparent-header-meta":"default","adv-header-id-meta":"","stick-header-meta":"","header-above-stick-meta":"","header-main-stick-meta":"","header-below-stick-meta":"","astra-migrate-meta-layouts":"default","ast-page-background-enabled":"default","ast-page-background-meta":{"desktop":{"background-color":"","background-image":"","background-repeat":"repeat","background-position":"center center","background-size":"auto","background-attachment":"scroll","background-type":"","background-media":"","overlay-type":"","overlay-color":"","overlay-opacity":"","overlay-gradient":""},"tablet":{"background-color":"","background-image":"","background-repeat":"repeat","background-position":"center center","background-size":"auto","background-attachment":"scroll","background-type":"","background-media":"","overlay-type":"","overlay-color":"","overlay-opacity":"","overlay-gradient":""},"mobile":{"background-color":"","background-image":"","background-repeat":"repeat","background-position":"center center","background-size":"auto","background-attachment":"scroll","background-type":"","background-media":"","overlay-type":"","overlay-color":"","overlay-opacity":"","overlay-gradient":""}},"ast-content-background-meta":{"desktop":{"background-color":"var(--ast-global-color-5)","background-image":"","background-repeat":"repeat","background-position":"center center","background-size":"auto","background-attachment":"scroll","background-type":"","background-media":"","overlay-type":"","overlay-color":"","overlay-opacity":"","overlay-gradient":""},"tablet":{"background-color":"var(--ast-global-color-5)","background-image":"","background-repeat":"repeat","background-position":"center center","background-size":"auto","background-attachment":"scroll","background-type":"","background-media":"","overlay-type":"","overlay-color":"","overlay-opacity":"","overlay-gradient":""},"mobile":{"background-color":"var(--ast-global-color-5)","background-image":"","background-repeat":"repeat","background-position":"center center","background-size":"auto","background-attachment":"scroll","background-type":"","background-media":"","overlay-type":"","overlay-color":"","overlay-opacity":"","overlay-gradient":""}},"footnotes":""},"class_list":["post-270","page","type-page","status-publish","hentry"],"yoast_head":"<!-- This site is optimized with the Yoast SEO plugin v27.5 - https:\/\/yoast.com\/product\/yoast-seo-wordpress\/ -->\n<title>Franchise Dan\u0131\u015fmanl\u0131\u011f\u0131 - Profit T\u00fcrkiye<\/title>\n<meta name=\"robots\" content=\"index, follow, max-snippet:-1, max-image-preview:large, max-video-preview:-1\" \/>\n<link rel=\"canonical\" href=\"https:\/\/www.profitturkey.com\/cd9nu9\/franchise-danismanligi\/\" \/>\n<meta property=\"og:locale\" content=\"en_US\" \/>\n<meta property=\"og:type\" content=\"article\" \/>\n<meta property=\"og:title\" content=\"Franchise Dan\u0131\u015fmanl\u0131\u011f\u0131 - Profit T\u00fcrkiye\" \/>\n<meta property=\"og:description\" content=\"Franchise Dan\u0131\u015fmanl\u0131\u011f\u0131 Profit T\u00fcrkiye, franchise sisteminin franchise veren ve alan aras\u0131nda sa\u011fl\u0131kl\u0131 bir ileti\u015fim ile ger\u00e7ekle\u015fmesini ve s\u00fcrd\u00fcr\u00fclmesini sa\u011flar. Franchise verenler i\u00e7in; Firmalara uygun franchise stratejisinin geli\u015ftirilmesi ve aksiyon plan\u0131n\u0131n haz\u0131rlanmas\u0131, Uygun yat\u0131r\u0131mc\u0131 alternatiflerinin bulunmas\u0131, Hukuki a\u00e7\u0131dan kuvvetli franchise anla\u015fmas\u0131n\u0131n haz\u0131rlanmas\u0131 i\u00e7in destek verilmesi, Uygun lokasyon se\u00e7iminin yap\u0131lmas\u0131 ve temin edilmesi, Mimari dan\u0131\u015fmanl\u0131k hizmetleri konusunda [&hellip;]\" \/>\n<meta property=\"og:url\" content=\"https:\/\/www.profitturkey.com\/cd9nu9\/franchise-danismanligi\/\" \/>\n<meta property=\"og:site_name\" content=\"Profit T\u00fcrkiye\" \/>\n<meta property=\"article:modified_time\" content=\"2020-11-03T15:43:37+00:00\" \/>\n<meta property=\"og:image\" content=\"https:\/\/www.profitturkey.com\/wp-content\/uploads\/2020\/10\/5224-Large-1024x572.jpg\" \/>\n<meta name=\"twitter:card\" content=\"summary_large_image\" \/>\n<meta name=\"twitter:label1\" content=\"Est. reading time\" \/>\n\t<meta name=\"twitter:data1\" content=\"1 minute\" \/>\n<script type=\"application\/ld+json\" class=\"yoast-schema-graph\">{\"@context\":\"https:\\\/\\\/schema.org\",\"@graph\":[{\"@type\":\"WebPage\",\"@id\":\"https:\\\/\\\/www.profitturkey.com\\\/cd9nu9\\\/franchise-danismanligi\\\/\",\"url\":\"https:\\\/\\\/www.profitturkey.com\\\/cd9nu9\\\/franchise-danismanligi\\\/\",\"name\":\"Franchise Dan\u0131\u015fmanl\u0131\u011f\u0131 - Profit T\u00fcrkiye\",\"isPartOf\":{\"@id\":\"https:\\\/\\\/www.profitturkey.com\\\/cd9nu9\\\/#website\"},\"primaryImageOfPage\":{\"@id\":\"https:\\\/\\\/www.profitturkey.com\\\/cd9nu9\\\/franchise-danismanligi\\\/#primaryimage\"},\"image\":{\"@id\":\"https:\\\/\\\/www.profitturkey.com\\\/cd9nu9\\\/franchise-danismanligi\\\/#primaryimage\"},\"thumbnailUrl\":\"https:\\\/\\\/www.profitturkey.com\\\/wp-content\\\/uploads\\\/2020\\\/10\\\/5224-Large-1024x572.jpg\",\"datePublished\":\"2020-11-03T15:33:47+00:00\",\"dateModified\":\"2020-11-03T15:43:37+00:00\",\"breadcrumb\":{\"@id\":\"https:\\\/\\\/www.profitturkey.com\\\/cd9nu9\\\/franchise-danismanligi\\\/#breadcrumb\"},\"inLanguage\":\"en-US\",\"potentialAction\":[{\"@type\":\"ReadAction\",\"target\":[\"https:\\\/\\\/www.profitturkey.com\\\/cd9nu9\\\/franchise-danismanligi\\\/\"]}]},{\"@type\":\"ImageObject\",\"inLanguage\":\"en-US\",\"@id\":\"https:\\\/\\\/www.profitturkey.com\\\/cd9nu9\\\/franchise-danismanligi\\\/#primaryimage\",\"url\":\"https:\\\/\\\/www.profitturkey.com\\\/wp-content\\\/uploads\\\/2020\\\/10\\\/5224-Large-1024x572.jpg\",\"contentUrl\":\"https:\\\/\\\/www.profitturkey.com\\\/wp-content\\\/uploads\\\/2020\\\/10\\\/5224-Large-1024x572.jpg\"},{\"@type\":\"BreadcrumbList\",\"@id\":\"https:\\\/\\\/www.profitturkey.com\\\/cd9nu9\\\/franchise-danismanligi\\\/#breadcrumb\",\"itemListElement\":[{\"@type\":\"ListItem\",\"position\":1,\"name\":\"Home\",\"item\":\"https:\\\/\\\/www.profitturkey.com\\\/\"},{\"@type\":\"ListItem\",\"position\":2,\"name\":\"Franchise Dan\u0131\u015fmanl\u0131\u011f\u0131\"}]},{\"@type\":\"WebSite\",\"@id\":\"https:\\\/\\\/www.profitturkey.com\\\/cd9nu9\\\/#website\",\"url\":\"https:\\\/\\\/www.profitturkey.com\\\/cd9nu9\\\/\",\"name\":\"Profit T\u00fcrkiye\",\"description\":\"Profitable Solutions\",\"publisher\":{\"@id\":\"https:\\\/\\\/www.profitturkey.com\\\/cd9nu9\\\/#organization\"},\"potentialAction\":[{\"@type\":\"SearchAction\",\"target\":{\"@type\":\"EntryPoint\",\"urlTemplate\":\"https:\\\/\\\/www.profitturkey.com\\\/cd9nu9\\\/?s={search_term_string}\"},\"query-input\":{\"@type\":\"PropertyValueSpecification\",\"valueRequired\":true,\"valueName\":\"search_term_string\"}}],\"inLanguage\":\"en-US\"},{\"@type\":\"Organization\",\"@id\":\"https:\\\/\\\/www.profitturkey.com\\\/cd9nu9\\\/#organization\",\"name\":\"Profit T\u00fcrkiye\",\"url\":\"https:\\\/\\\/www.profitturkey.com\\\/cd9nu9\\\/\",\"logo\":{\"@type\":\"ImageObject\",\"inLanguage\":\"en-US\",\"@id\":\"https:\\\/\\\/www.profitturkey.com\\\/cd9nu9\\\/#\\\/schema\\\/logo\\\/image\\\/\",\"url\":\"https:\\\/\\\/www.profitturkey.com\\\/wp-content\\\/uploads\\\/2020\\\/08\\\/Profit_edited.png\",\"contentUrl\":\"https:\\\/\\\/www.profitturkey.com\\\/wp-content\\\/uploads\\\/2020\\\/08\\\/Profit_edited.png\",\"width\":386,\"height\":125,\"caption\":\"Profit T\u00fcrkiye\"},\"image\":{\"@id\":\"https:\\\/\\\/www.profitturkey.com\\\/cd9nu9\\\/#\\\/schema\\\/logo\\\/image\\\/\"}}]}<\/script>\n<!-- \/ Yoast SEO plugin. -->","yoast_head_json":{"title":"Franchise Dan\u0131\u015fmanl\u0131\u011f\u0131 - Profit T\u00fcrkiye","robots":{"index":"index","follow":"follow","max-snippet":"max-snippet:-1","max-image-preview":"max-image-preview:large","max-video-preview":"max-video-preview:-1"},"canonical":"https:\/\/www.profitturkey.com\/cd9nu9\/franchise-danismanligi\/","og_locale":"en_US","og_type":"article","og_title":"Franchise Dan\u0131\u015fmanl\u0131\u011f\u0131 - Profit T\u00fcrkiye","og_description":"Franchise Dan\u0131\u015fmanl\u0131\u011f\u0131 Profit T\u00fcrkiye, franchise sisteminin franchise veren ve alan aras\u0131nda sa\u011fl\u0131kl\u0131 bir ileti\u015fim ile ger\u00e7ekle\u015fmesini ve s\u00fcrd\u00fcr\u00fclmesini sa\u011flar. Franchise verenler i\u00e7in; Firmalara uygun franchise stratejisinin geli\u015ftirilmesi ve aksiyon plan\u0131n\u0131n haz\u0131rlanmas\u0131, Uygun yat\u0131r\u0131mc\u0131 alternatiflerinin bulunmas\u0131, Hukuki a\u00e7\u0131dan kuvvetli franchise anla\u015fmas\u0131n\u0131n haz\u0131rlanmas\u0131 i\u00e7in destek verilmesi, Uygun lokasyon se\u00e7iminin yap\u0131lmas\u0131 ve temin edilmesi, Mimari dan\u0131\u015fmanl\u0131k hizmetleri konusunda [&hellip;]","og_url":"https:\/\/www.profitturkey.com\/cd9nu9\/franchise-danismanligi\/","og_site_name":"Profit T\u00fcrkiye","article_modified_time":"2020-11-03T15:43:37+00:00","og_image":[{"url":"https:\/\/www.profitturkey.com\/wp-content\/uploads\/2020\/10\/5224-Large-1024x572.jpg","type":"","width":"","height":""}],"twitter_card":"summary_large_image","twitter_misc":{"Est. reading time":"1 minute"},"schema":{"@context":"https:\/\/schema.org","@graph":[{"@type":"WebPage","@id":"https:\/\/www.profitturkey.com\/cd9nu9\/franchise-danismanligi\/","url":"https:\/\/www.profitturkey.com\/cd9nu9\/franchise-danismanligi\/","name":"Franchise Dan\u0131\u015fmanl\u0131\u011f\u0131 - Profit T\u00fcrkiye","isPartOf":{"@id":"https:\/\/www.profitturkey.com\/cd9nu9\/#website"},"primaryImageOfPage":{"@id":"https:\/\/www.profitturkey.com\/cd9nu9\/franchise-danismanligi\/#primaryimage"},"image":{"@id":"https:\/\/www.profitturkey.com\/cd9nu9\/franchise-danismanligi\/#primaryimage"},"thumbnailUrl":"https:\/\/www.profitturkey.com\/wp-content\/uploads\/2020\/10\/5224-Large-1024x572.jpg","datePublished":"2020-11-03T15:33:47+00:00","dateModified":"2020-11-03T15:43:37+00:00","breadcrumb":{"@id":"https:\/\/www.profitturkey.com\/cd9nu9\/franchise-danismanligi\/#breadcrumb"},"inLanguage":"en-US","potentialAction":[{"@type":"ReadAction","target":["https:\/\/www.profitturkey.com\/cd9nu9\/franchise-danismanligi\/"]}]},{"@type":"ImageObject","inLanguage":"en-US","@id":"https:\/\/www.profitturkey.com\/cd9nu9\/franchise-danismanligi\/#primaryimage","url":"https:\/\/www.profitturkey.com\/wp-content\/uploads\/2020\/10\/5224-Large-1024x572.jpg","contentUrl":"https:\/\/www.profitturkey.com\/wp-content\/uploads\/2020\/10\/5224-Large-1024x572.jpg"},{"@type":"BreadcrumbList","@id":"https:\/\/www.profitturkey.com\/cd9nu9\/franchise-danismanligi\/#breadcrumb","itemListElement":[{"@type":"ListItem","position":1,"name":"Home","item":"https:\/\/www.profitturkey.com\/"},{"@type":"ListItem","position":2,"name":"Franchise Dan\u0131\u015fmanl\u0131\u011f\u0131"}]},{"@type":"WebSite","@id":"https:\/\/www.profitturkey.com\/cd9nu9\/#website","url":"https:\/\/www.profitturkey.com\/cd9nu9\/","name":"Profit T\u00fcrkiye","description":"Profitable Solutions","publisher":{"@id":"https:\/\/www.profitturkey.com\/cd9nu9\/#organization"},"potentialAction":[{"@type":"SearchAction","target":{"@type":"EntryPoint","urlTemplate":"https:\/\/www.profitturkey.com\/cd9nu9\/?s={search_term_string}"},"query-input":{"@type":"PropertyValueSpecification","valueRequired":true,"valueName":"search_term_string"}}],"inLanguage":"en-US"},{"@type":"Organization","@id":"https:\/\/www.profitturkey.com\/cd9nu9\/#organization","name":"Profit T\u00fcrkiye","url":"https:\/\/www.profitturkey.com\/cd9nu9\/","logo":{"@type":"ImageObject","inLanguage":"en-US","@id":"https:\/\/www.profitturkey.com\/cd9nu9\/#\/schema\/logo\/image\/","url":"https:\/\/www.profitturkey.com\/wp-content\/uploads\/2020\/08\/Profit_edited.png","contentUrl":"https:\/\/www.profitturkey.com\/wp-content\/uploads\/2020\/08\/Profit_edited.png","width":386,"height":125,"caption":"Profit T\u00fcrkiye"},"image":{"@id":"https:\/\/www.profitturkey.com\/cd9nu9\/#\/schema\/logo\/image\/"}}]}},"_links":{"self":[{"href":"https:\/\/www.profitturkey.com\/cd9nu9\/wp-json\/wp\/v2\/pages\/270","targetHints":{"allow":["GET"]}}],"collection":[{"href":"https:\/\/www.profitturkey.com\/cd9nu9\/wp-json\/wp\/v2\/pages"}],"about":[{"href":"https:\/\/www.profitturkey.com\/cd9nu9\/wp-json\/wp\/v2\/types\/page"}],"author":[{"embeddable":true,"href":"https:\/\/www.profitturkey.com\/cd9nu9\/wp-json\/wp\/v2\/users\/1"}],"replies":[{"embeddable":true,"href":"https:\/\/www.profitturkey.com\/cd9nu9\/wp-json\/wp\/v2\/comments?post=270"}],"version-history":[{"count":2,"href":"https:\/\/www.profitturkey.com\/cd9nu9\/wp-json\/wp\/v2\/pages\/270\/revisions"}],"predecessor-version":[{"id":277,"href":"https:\/\/www.profitturkey.com\/cd9nu9\/wp-json\/wp\/v2\/pages\/270\/revisions\/277"}],"wp:attachment":[{"href":"https:\/\/www.profitturkey.com\/cd9nu9\/wp-json\/wp\/v2\/media?parent=270"}],"curies":[{"name":"wp","href":"https:\/\/api.w.org\/{rel}","templated":true}]}}