{"id":268,"date":"2020-11-03T18:32:04","date_gmt":"2020-11-03T15:32:04","guid":{"rendered":"https:\/\/www.profitturkey.com\/?page_id=268"},"modified":"2020-11-03T18:39:07","modified_gmt":"2020-11-03T15:39:07","slug":"kurumsal-perakende-danismanligi","status":"publish","type":"page","link":"https:\/\/www.profitturkey.com\/cd9nu9\/kurumsal-perakende-danismanligi\/","title":{"rendered":"Kurumsal Perakende Dan\u0131\u015fmanl\u0131\u011f\u0131"},"content":{"rendered":"\t\t<div data-elementor-type=\"wp-page\" data-elementor-id=\"268\" class=\"elementor elementor-268\">\n\t\t\t\t\t\t<section class=\"elementor-section elementor-top-section elementor-element elementor-element-bd82dd1 elementor-section-boxed elementor-section-height-default elementor-section-height-default\" data-id=\"bd82dd1\" data-element_type=\"section\" data-e-type=\"section\">\n\t\t\t\t\t\t<div class=\"elementor-container elementor-column-gap-default\">\n\t\t\t\t\t<div class=\"elementor-column elementor-col-100 elementor-top-column elementor-element elementor-element-ca28600\" data-id=\"ca28600\" data-element_type=\"column\" data-e-type=\"column\">\n\t\t\t<div class=\"elementor-widget-wrap elementor-element-populated\">\n\t\t\t\t\t\t<div class=\"elementor-element elementor-element-9ba267f elementor-widget elementor-widget-heading\" data-id=\"9ba267f\" data-element_type=\"widget\" data-e-type=\"widget\" data-widget_type=\"heading.default\">\n\t\t\t\t<div class=\"elementor-widget-container\">\n\t\t\t\t\t<h2 class=\"elementor-heading-title elementor-size-default\">Kurumsal Perakende Dan\u0131\u015fmanl\u0131\u011f\u0131<\/h2>\t\t\t\t<\/div>\n\t\t\t\t<\/div>\n\t\t\t\t<section class=\"elementor-section elementor-inner-section elementor-element elementor-element-3777628 elementor-section-boxed elementor-section-height-default elementor-section-height-default\" data-id=\"3777628\" data-element_type=\"section\" data-e-type=\"section\">\n\t\t\t\t\t\t<div class=\"elementor-container elementor-column-gap-default\">\n\t\t\t\t\t<div class=\"elementor-column elementor-col-50 elementor-inner-column elementor-element elementor-element-48ac976\" data-id=\"48ac976\" data-element_type=\"column\" data-e-type=\"column\">\n\t\t\t<div class=\"elementor-widget-wrap elementor-element-populated\">\n\t\t\t\t\t\t<div class=\"elementor-element elementor-element-df68ccd elementor-widget elementor-widget-text-editor\" data-id=\"df68ccd\" data-element_type=\"widget\" data-e-type=\"widget\" data-widget_type=\"text-editor.default\">\n\t\t\t\t<div class=\"elementor-widget-container\">\n\t\t\t\t\t\t\t\t\t<p>Profit T\u00fcrkiye, kurumsal perakendeciler i\u00e7in uygun proje ve konseptleri geli\u015ftirerek kiralama veya sat\u0131nalma s\u00fcre\u00e7lerinde maksimum verimi ve kazanc\u0131 elde etmelerini sa\u011flar.<\/p><ul><li>Perakendecinin taleplerinin al\u0131narak proje plan\u0131n\u0131n haz\u0131rlanmas\u0131,<\/li><li>Ticari gayrimenkul alternatiflerinin ara\u015ft\u0131r\u0131lmas\u0131, alternatiflerin rapor halinde sunulmas\u0131,<\/li><li>Se\u00e7ilen alternatifler i\u00e7in b\u00f6lgesel n\u00fcfus yo\u011funlu\u011fu, t\u00fcketici profili, belediye mevzuatlar\u0131 gibi detaylar\u0131 i\u00e7eren analiz raporlar\u0131n\u0131 haz\u0131rlanmas\u0131,<\/li><li>Perakendecinin se\u00e7imi do\u011frultusunda caddelerde uygun lokasyon ve metrekaredeki ma\u011fazalar\u0131n zaman kayb\u0131 olmaks\u0131z\u0131n kabul edilebilir maliyetlerle sa\u011flanmas\u0131,<\/li><li>Mal sahipleriyle pazarl\u0131k g\u00f6r\u00fc\u015fmelerinin y\u00fcr\u00fct\u00fclmesi,Kontrat g\u00f6r\u00fc\u015fmelerine dan\u0131\u015fmanl\u0131k edilmesi,<\/li><li>Perakendecinin memnuniyetsiz oldu\u011fu ma\u011fazalar\u0131n daha verimli \u00e7al\u0131\u015ft\u0131r\u0131lacak yeni perakendeciler taraf\u0131ndan yeniden kiralanmas\u0131n\u0131n yap\u0131lmas\u0131.<\/li><\/ul>\t\t\t\t\t\t\t\t<\/div>\n\t\t\t\t<\/div>\n\t\t\t\t\t<\/div>\n\t\t<\/div>\n\t\t\t\t<div class=\"elementor-column elementor-col-50 elementor-inner-column elementor-element elementor-element-286e52a\" data-id=\"286e52a\" data-element_type=\"column\" data-e-type=\"column\">\n\t\t\t<div class=\"elementor-widget-wrap elementor-element-populated\">\n\t\t\t\t\t\t<div class=\"elementor-element elementor-element-93f12f4 elementor-widget elementor-widget-image\" data-id=\"93f12f4\" data-element_type=\"widget\" data-e-type=\"widget\" data-widget_type=\"image.default\">\n\t\t\t\t<div class=\"elementor-widget-container\">\n\t\t\t\t\t\t\t\t\t\t\t\t\t\t\t<img fetchpriority=\"high\" decoding=\"async\" width=\"922\" height=\"768\" src=\"https:\/\/www.profitturkey.com\/cd9nu9\/wp-content\/uploads\/2020\/11\/Retail_consultancy_2.jpg\" class=\"attachment-large size-large wp-image-249\" alt=\"\" srcset=\"https:\/\/www.profitturkey.com\/cd9nu9\/wp-content\/uploads\/2020\/11\/Retail_consultancy_2.jpg 922w, https:\/\/www.profitturkey.com\/cd9nu9\/wp-content\/uploads\/2020\/11\/Retail_consultancy_2-300x250.jpg 300w, https:\/\/www.profitturkey.com\/cd9nu9\/wp-content\/uploads\/2020\/11\/Retail_consultancy_2-768x640.jpg 768w\" sizes=\"(max-width: 922px) 100vw, 922px\" \/>\t\t\t\t\t\t\t\t\t\t\t\t\t\t\t<\/div>\n\t\t\t\t<\/div>\n\t\t\t\t\t<\/div>\n\t\t<\/div>\n\t\t\t\t\t<\/div>\n\t\t<\/section>\n\t\t\t\t\t<\/div>\n\t\t<\/div>\n\t\t\t\t\t<\/div>\n\t\t<\/section>\n\t\t\t\t<\/div>\n\t\t","protected":false},"excerpt":{"rendered":"<p>Kurumsal Perakende Dan\u0131\u015fmanl\u0131\u011f\u0131 Profit T\u00fcrkiye, kurumsal perakendeciler i\u00e7in uygun proje ve konseptleri geli\u015ftirerek kiralama veya sat\u0131nalma s\u00fcre\u00e7lerinde maksimum verimi ve kazanc\u0131 elde etmelerini sa\u011flar. Perakendecinin taleplerinin al\u0131narak proje plan\u0131n\u0131n haz\u0131rlanmas\u0131, Ticari gayrimenkul alternatiflerinin ara\u015ft\u0131r\u0131lmas\u0131, alternatiflerin rapor halinde sunulmas\u0131, Se\u00e7ilen alternatifler i\u00e7in b\u00f6lgesel n\u00fcfus yo\u011funlu\u011fu, t\u00fcketici profili, belediye mevzuatlar\u0131 gibi detaylar\u0131 i\u00e7eren analiz raporlar\u0131n\u0131 haz\u0131rlanmas\u0131, Perakendecinin [&hellip;]<\/p>\n","protected":false},"author":1,"featured_media":0,"parent":0,"menu_order":0,"comment_status":"closed","ping_status":"closed","template":"","meta":{"om_disable_all_campaigns":false,"_monsterinsights_skip_tracking":false,"_monsterinsights_sitenote_active":false,"_monsterinsights_sitenote_note":"","_monsterinsights_sitenote_category":0,"site-sidebar-layout":"no-sidebar","site-content-layout":"page-builder","ast-site-content-layout":"default","site-content-style":"default","site-sidebar-style":"default","ast-global-header-display":"","ast-banner-title-visibility":"","ast-main-header-display":"","ast-hfb-above-header-display":"","ast-hfb-below-header-display":"","ast-hfb-mobile-header-display":"","site-post-title":"disabled","ast-breadcrumbs-content":"","ast-featured-img":"disabled","footer-sml-layout":"","ast-disable-related-posts":"","theme-transparent-header-meta":"default","adv-header-id-meta":"","stick-header-meta":"","header-above-stick-meta":"","header-main-stick-meta":"","header-below-stick-meta":"","astra-migrate-meta-layouts":"default","ast-page-background-enabled":"default","ast-page-background-meta":{"desktop":{"background-color":"","background-image":"","background-repeat":"repeat","background-position":"center center","background-size":"auto","background-attachment":"scroll","background-type":"","background-media":"","overlay-type":"","overlay-color":"","overlay-opacity":"","overlay-gradient":""},"tablet":{"background-color":"","background-image":"","background-repeat":"repeat","background-position":"center center","background-size":"auto","background-attachment":"scroll","background-type":"","background-media":"","overlay-type":"","overlay-color":"","overlay-opacity":"","overlay-gradient":""},"mobile":{"background-color":"","background-image":"","background-repeat":"repeat","background-position":"center center","background-size":"auto","background-attachment":"scroll","background-type":"","background-media":"","overlay-type":"","overlay-color":"","overlay-opacity":"","overlay-gradient":""}},"ast-content-background-meta":{"desktop":{"background-color":"var(--ast-global-color-5)","background-image":"","background-repeat":"repeat","background-position":"center center","background-size":"auto","background-attachment":"scroll","background-type":"","background-media":"","overlay-type":"","overlay-color":"","overlay-opacity":"","overlay-gradient":""},"tablet":{"background-color":"var(--ast-global-color-5)","background-image":"","background-repeat":"repeat","background-position":"center center","background-size":"auto","background-attachment":"scroll","background-type":"","background-media":"","overlay-type":"","overlay-color":"","overlay-opacity":"","overlay-gradient":""},"mobile":{"background-color":"var(--ast-global-color-5)","background-image":"","background-repeat":"repeat","background-position":"center center","background-size":"auto","background-attachment":"scroll","background-type":"","background-media":"","overlay-type":"","overlay-color":"","overlay-opacity":"","overlay-gradient":""}},"footnotes":""},"class_list":["post-268","page","type-page","status-publish","hentry"],"yoast_head":"<!-- This site is optimized with the Yoast SEO plugin v27.5 - https:\/\/yoast.com\/product\/yoast-seo-wordpress\/ -->\n<title>Kurumsal Perakende Dan\u0131\u015fmanl\u0131\u011f\u0131 - Profit T\u00fcrkiye<\/title>\n<meta name=\"robots\" content=\"index, follow, max-snippet:-1, max-image-preview:large, max-video-preview:-1\" \/>\n<link rel=\"canonical\" href=\"https:\/\/www.profitturkey.com\/cd9nu9\/kurumsal-perakende-danismanligi\/\" \/>\n<meta property=\"og:locale\" content=\"en_US\" \/>\n<meta property=\"og:type\" content=\"article\" \/>\n<meta property=\"og:title\" content=\"Kurumsal Perakende Dan\u0131\u015fmanl\u0131\u011f\u0131 - Profit T\u00fcrkiye\" \/>\n<meta property=\"og:description\" content=\"Kurumsal Perakende Dan\u0131\u015fmanl\u0131\u011f\u0131 Profit T\u00fcrkiye, kurumsal perakendeciler i\u00e7in uygun proje ve konseptleri geli\u015ftirerek kiralama veya sat\u0131nalma s\u00fcre\u00e7lerinde maksimum verimi ve kazanc\u0131 elde etmelerini sa\u011flar. Perakendecinin taleplerinin al\u0131narak proje plan\u0131n\u0131n haz\u0131rlanmas\u0131, Ticari gayrimenkul alternatiflerinin ara\u015ft\u0131r\u0131lmas\u0131, alternatiflerin rapor halinde sunulmas\u0131, Se\u00e7ilen alternatifler i\u00e7in b\u00f6lgesel n\u00fcfus yo\u011funlu\u011fu, t\u00fcketici profili, belediye mevzuatlar\u0131 gibi detaylar\u0131 i\u00e7eren analiz raporlar\u0131n\u0131 haz\u0131rlanmas\u0131, Perakendecinin [&hellip;]\" \/>\n<meta property=\"og:url\" content=\"https:\/\/www.profitturkey.com\/cd9nu9\/kurumsal-perakende-danismanligi\/\" \/>\n<meta property=\"og:site_name\" content=\"Profit T\u00fcrkiye\" \/>\n<meta property=\"article:modified_time\" content=\"2020-11-03T15:39:07+00:00\" \/>\n<meta property=\"og:image\" content=\"https:\/\/www.profitturkey.com\/wp-content\/uploads\/2020\/11\/Retail_consultancy_2.jpg\" \/>\n<meta name=\"twitter:card\" content=\"summary_large_image\" \/>\n<meta name=\"twitter:label1\" content=\"Est. reading time\" \/>\n\t<meta name=\"twitter:data1\" content=\"1 minute\" \/>\n<script type=\"application\/ld+json\" class=\"yoast-schema-graph\">{\"@context\":\"https:\\\/\\\/schema.org\",\"@graph\":[{\"@type\":\"WebPage\",\"@id\":\"https:\\\/\\\/www.profitturkey.com\\\/cd9nu9\\\/kurumsal-perakende-danismanligi\\\/\",\"url\":\"https:\\\/\\\/www.profitturkey.com\\\/cd9nu9\\\/kurumsal-perakende-danismanligi\\\/\",\"name\":\"Kurumsal Perakende Dan\u0131\u015fmanl\u0131\u011f\u0131 - Profit T\u00fcrkiye\",\"isPartOf\":{\"@id\":\"https:\\\/\\\/www.profitturkey.com\\\/cd9nu9\\\/#website\"},\"primaryImageOfPage\":{\"@id\":\"https:\\\/\\\/www.profitturkey.com\\\/cd9nu9\\\/kurumsal-perakende-danismanligi\\\/#primaryimage\"},\"image\":{\"@id\":\"https:\\\/\\\/www.profitturkey.com\\\/cd9nu9\\\/kurumsal-perakende-danismanligi\\\/#primaryimage\"},\"thumbnailUrl\":\"https:\\\/\\\/www.profitturkey.com\\\/wp-content\\\/uploads\\\/2020\\\/11\\\/Retail_consultancy_2.jpg\",\"datePublished\":\"2020-11-03T15:32:04+00:00\",\"dateModified\":\"2020-11-03T15:39:07+00:00\",\"breadcrumb\":{\"@id\":\"https:\\\/\\\/www.profitturkey.com\\\/cd9nu9\\\/kurumsal-perakende-danismanligi\\\/#breadcrumb\"},\"inLanguage\":\"en-US\",\"potentialAction\":[{\"@type\":\"ReadAction\",\"target\":[\"https:\\\/\\\/www.profitturkey.com\\\/cd9nu9\\\/kurumsal-perakende-danismanligi\\\/\"]}]},{\"@type\":\"ImageObject\",\"inLanguage\":\"en-US\",\"@id\":\"https:\\\/\\\/www.profitturkey.com\\\/cd9nu9\\\/kurumsal-perakende-danismanligi\\\/#primaryimage\",\"url\":\"https:\\\/\\\/www.profitturkey.com\\\/wp-content\\\/uploads\\\/2020\\\/11\\\/Retail_consultancy_2.jpg\",\"contentUrl\":\"https:\\\/\\\/www.profitturkey.com\\\/wp-content\\\/uploads\\\/2020\\\/11\\\/Retail_consultancy_2.jpg\"},{\"@type\":\"BreadcrumbList\",\"@id\":\"https:\\\/\\\/www.profitturkey.com\\\/cd9nu9\\\/kurumsal-perakende-danismanligi\\\/#breadcrumb\",\"itemListElement\":[{\"@type\":\"ListItem\",\"position\":1,\"name\":\"Home\",\"item\":\"https:\\\/\\\/www.profitturkey.com\\\/\"},{\"@type\":\"ListItem\",\"position\":2,\"name\":\"Kurumsal Perakende Dan\u0131\u015fmanl\u0131\u011f\u0131\"}]},{\"@type\":\"WebSite\",\"@id\":\"https:\\\/\\\/www.profitturkey.com\\\/cd9nu9\\\/#website\",\"url\":\"https:\\\/\\\/www.profitturkey.com\\\/cd9nu9\\\/\",\"name\":\"Profit T\u00fcrkiye\",\"description\":\"Profitable Solutions\",\"publisher\":{\"@id\":\"https:\\\/\\\/www.profitturkey.com\\\/cd9nu9\\\/#organization\"},\"potentialAction\":[{\"@type\":\"SearchAction\",\"target\":{\"@type\":\"EntryPoint\",\"urlTemplate\":\"https:\\\/\\\/www.profitturkey.com\\\/cd9nu9\\\/?s={search_term_string}\"},\"query-input\":{\"@type\":\"PropertyValueSpecification\",\"valueRequired\":true,\"valueName\":\"search_term_string\"}}],\"inLanguage\":\"en-US\"},{\"@type\":\"Organization\",\"@id\":\"https:\\\/\\\/www.profitturkey.com\\\/cd9nu9\\\/#organization\",\"name\":\"Profit T\u00fcrkiye\",\"url\":\"https:\\\/\\\/www.profitturkey.com\\\/cd9nu9\\\/\",\"logo\":{\"@type\":\"ImageObject\",\"inLanguage\":\"en-US\",\"@id\":\"https:\\\/\\\/www.profitturkey.com\\\/cd9nu9\\\/#\\\/schema\\\/logo\\\/image\\\/\",\"url\":\"https:\\\/\\\/www.profitturkey.com\\\/wp-content\\\/uploads\\\/2020\\\/08\\\/Profit_edited.png\",\"contentUrl\":\"https:\\\/\\\/www.profitturkey.com\\\/wp-content\\\/uploads\\\/2020\\\/08\\\/Profit_edited.png\",\"width\":386,\"height\":125,\"caption\":\"Profit T\u00fcrkiye\"},\"image\":{\"@id\":\"https:\\\/\\\/www.profitturkey.com\\\/cd9nu9\\\/#\\\/schema\\\/logo\\\/image\\\/\"}}]}<\/script>\n<!-- \/ Yoast SEO plugin. -->","yoast_head_json":{"title":"Kurumsal Perakende Dan\u0131\u015fmanl\u0131\u011f\u0131 - Profit T\u00fcrkiye","robots":{"index":"index","follow":"follow","max-snippet":"max-snippet:-1","max-image-preview":"max-image-preview:large","max-video-preview":"max-video-preview:-1"},"canonical":"https:\/\/www.profitturkey.com\/cd9nu9\/kurumsal-perakende-danismanligi\/","og_locale":"en_US","og_type":"article","og_title":"Kurumsal Perakende Dan\u0131\u015fmanl\u0131\u011f\u0131 - Profit T\u00fcrkiye","og_description":"Kurumsal Perakende Dan\u0131\u015fmanl\u0131\u011f\u0131 Profit T\u00fcrkiye, kurumsal perakendeciler i\u00e7in uygun proje ve konseptleri geli\u015ftirerek kiralama veya sat\u0131nalma s\u00fcre\u00e7lerinde maksimum verimi ve kazanc\u0131 elde etmelerini sa\u011flar. Perakendecinin taleplerinin al\u0131narak proje plan\u0131n\u0131n haz\u0131rlanmas\u0131, Ticari gayrimenkul alternatiflerinin ara\u015ft\u0131r\u0131lmas\u0131, alternatiflerin rapor halinde sunulmas\u0131, Se\u00e7ilen alternatifler i\u00e7in b\u00f6lgesel n\u00fcfus yo\u011funlu\u011fu, t\u00fcketici profili, belediye mevzuatlar\u0131 gibi detaylar\u0131 i\u00e7eren analiz raporlar\u0131n\u0131 haz\u0131rlanmas\u0131, Perakendecinin [&hellip;]","og_url":"https:\/\/www.profitturkey.com\/cd9nu9\/kurumsal-perakende-danismanligi\/","og_site_name":"Profit T\u00fcrkiye","article_modified_time":"2020-11-03T15:39:07+00:00","og_image":[{"url":"https:\/\/www.profitturkey.com\/wp-content\/uploads\/2020\/11\/Retail_consultancy_2.jpg","type":"","width":"","height":""}],"twitter_card":"summary_large_image","twitter_misc":{"Est. reading time":"1 minute"},"schema":{"@context":"https:\/\/schema.org","@graph":[{"@type":"WebPage","@id":"https:\/\/www.profitturkey.com\/cd9nu9\/kurumsal-perakende-danismanligi\/","url":"https:\/\/www.profitturkey.com\/cd9nu9\/kurumsal-perakende-danismanligi\/","name":"Kurumsal Perakende Dan\u0131\u015fmanl\u0131\u011f\u0131 - Profit T\u00fcrkiye","isPartOf":{"@id":"https:\/\/www.profitturkey.com\/cd9nu9\/#website"},"primaryImageOfPage":{"@id":"https:\/\/www.profitturkey.com\/cd9nu9\/kurumsal-perakende-danismanligi\/#primaryimage"},"image":{"@id":"https:\/\/www.profitturkey.com\/cd9nu9\/kurumsal-perakende-danismanligi\/#primaryimage"},"thumbnailUrl":"https:\/\/www.profitturkey.com\/wp-content\/uploads\/2020\/11\/Retail_consultancy_2.jpg","datePublished":"2020-11-03T15:32:04+00:00","dateModified":"2020-11-03T15:39:07+00:00","breadcrumb":{"@id":"https:\/\/www.profitturkey.com\/cd9nu9\/kurumsal-perakende-danismanligi\/#breadcrumb"},"inLanguage":"en-US","potentialAction":[{"@type":"ReadAction","target":["https:\/\/www.profitturkey.com\/cd9nu9\/kurumsal-perakende-danismanligi\/"]}]},{"@type":"ImageObject","inLanguage":"en-US","@id":"https:\/\/www.profitturkey.com\/cd9nu9\/kurumsal-perakende-danismanligi\/#primaryimage","url":"https:\/\/www.profitturkey.com\/wp-content\/uploads\/2020\/11\/Retail_consultancy_2.jpg","contentUrl":"https:\/\/www.profitturkey.com\/wp-content\/uploads\/2020\/11\/Retail_consultancy_2.jpg"},{"@type":"BreadcrumbList","@id":"https:\/\/www.profitturkey.com\/cd9nu9\/kurumsal-perakende-danismanligi\/#breadcrumb","itemListElement":[{"@type":"ListItem","position":1,"name":"Home","item":"https:\/\/www.profitturkey.com\/"},{"@type":"ListItem","position":2,"name":"Kurumsal Perakende Dan\u0131\u015fmanl\u0131\u011f\u0131"}]},{"@type":"WebSite","@id":"https:\/\/www.profitturkey.com\/cd9nu9\/#website","url":"https:\/\/www.profitturkey.com\/cd9nu9\/","name":"Profit T\u00fcrkiye","description":"Profitable Solutions","publisher":{"@id":"https:\/\/www.profitturkey.com\/cd9nu9\/#organization"},"potentialAction":[{"@type":"SearchAction","target":{"@type":"EntryPoint","urlTemplate":"https:\/\/www.profitturkey.com\/cd9nu9\/?s={search_term_string}"},"query-input":{"@type":"PropertyValueSpecification","valueRequired":true,"valueName":"search_term_string"}}],"inLanguage":"en-US"},{"@type":"Organization","@id":"https:\/\/www.profitturkey.com\/cd9nu9\/#organization","name":"Profit T\u00fcrkiye","url":"https:\/\/www.profitturkey.com\/cd9nu9\/","logo":{"@type":"ImageObject","inLanguage":"en-US","@id":"https:\/\/www.profitturkey.com\/cd9nu9\/#\/schema\/logo\/image\/","url":"https:\/\/www.profitturkey.com\/wp-content\/uploads\/2020\/08\/Profit_edited.png","contentUrl":"https:\/\/www.profitturkey.com\/wp-content\/uploads\/2020\/08\/Profit_edited.png","width":386,"height":125,"caption":"Profit T\u00fcrkiye"},"image":{"@id":"https:\/\/www.profitturkey.com\/cd9nu9\/#\/schema\/logo\/image\/"}}]}},"_links":{"self":[{"href":"https:\/\/www.profitturkey.com\/cd9nu9\/wp-json\/wp\/v2\/pages\/268","targetHints":{"allow":["GET"]}}],"collection":[{"href":"https:\/\/www.profitturkey.com\/cd9nu9\/wp-json\/wp\/v2\/pages"}],"about":[{"href":"https:\/\/www.profitturkey.com\/cd9nu9\/wp-json\/wp\/v2\/types\/page"}],"author":[{"embeddable":true,"href":"https:\/\/www.profitturkey.com\/cd9nu9\/wp-json\/wp\/v2\/users\/1"}],"replies":[{"embeddable":true,"href":"https:\/\/www.profitturkey.com\/cd9nu9\/wp-json\/wp\/v2\/comments?post=268"}],"version-history":[{"count":2,"href":"https:\/\/www.profitturkey.com\/cd9nu9\/wp-json\/wp\/v2\/pages\/268\/revisions"}],"predecessor-version":[{"id":276,"href":"https:\/\/www.profitturkey.com\/cd9nu9\/wp-json\/wp\/v2\/pages\/268\/revisions\/276"}],"wp:attachment":[{"href":"https:\/\/www.profitturkey.com\/cd9nu9\/wp-json\/wp\/v2\/media?parent=268"}],"curies":[{"name":"wp","href":"https:\/\/api.w.org\/{rel}","templated":true}]}}