{"id":195,"date":"2020-10-25T18:52:27","date_gmt":"2020-10-25T15:52:27","guid":{"rendered":"https:\/\/www.profitturkey.com\/?page_id=195"},"modified":"2020-11-03T19:07:02","modified_gmt":"2020-11-03T16:07:02","slug":"contact-2","status":"publish","type":"page","link":"https:\/\/www.profitturkey.com\/cd9nu9\/en\/contact-2\/","title":{"rendered":"Contact"},"content":{"rendered":"\t\t<div data-elementor-type=\"wp-page\" data-elementor-id=\"195\" class=\"elementor elementor-195\">\n\t\t\t\t\t\t<section class=\"elementor-section elementor-top-section elementor-element elementor-element-7ad3babf elementor-section-height-min-height elementor-section-boxed elementor-section-height-default elementor-section-items-middle\" data-id=\"7ad3babf\" data-element_type=\"section\" data-e-type=\"section\" data-settings=\"{&quot;background_background&quot;:&quot;classic&quot;}\">\n\t\t\t\t\t\t\t<div class=\"elementor-background-overlay\"><\/div>\n\t\t\t\t\t\t\t<div class=\"elementor-container elementor-column-gap-default\">\n\t\t\t\t\t<div class=\"elementor-column elementor-col-100 elementor-top-column elementor-element elementor-element-7ebe2650\" data-id=\"7ebe2650\" data-element_type=\"column\" data-e-type=\"column\">\n\t\t\t<div class=\"elementor-widget-wrap elementor-element-populated\">\n\t\t\t\t\t\t<div class=\"elementor-element elementor-element-13f381bf elementor-widget elementor-widget-heading\" data-id=\"13f381bf\" data-element_type=\"widget\" data-e-type=\"widget\" data-widget_type=\"heading.default\">\n\t\t\t\t<div class=\"elementor-widget-container\">\n\t\t\t\t\t<h2 class=\"elementor-heading-title elementor-size-large\">CONTACT US<\/h2>\t\t\t\t<\/div>\n\t\t\t\t<\/div>\n\t\t\t\t<div class=\"elementor-element elementor-element-7d9083ee elementor-widget-divider--view-line elementor-widget elementor-widget-divider\" data-id=\"7d9083ee\" data-element_type=\"widget\" data-e-type=\"widget\" data-widget_type=\"divider.default\">\n\t\t\t\t<div class=\"elementor-widget-container\">\n\t\t\t\t\t\t\t<div class=\"elementor-divider\">\n\t\t\t<span class=\"elementor-divider-separator\">\n\t\t\t\t\t\t<\/span>\n\t\t<\/div>\n\t\t\t\t\t\t<\/div>\n\t\t\t\t<\/div>\n\t\t\t\t<div class=\"elementor-element elementor-element-675730 elementor-widget elementor-widget-text-editor\" data-id=\"675730\" data-element_type=\"widget\" data-e-type=\"widget\" data-widget_type=\"text-editor.default\">\n\t\t\t\t<div class=\"elementor-widget-container\">\n\t\t\t\t\t\t\t\t\t<p>We are here for you, when ever you want<\/p>\t\t\t\t\t\t\t\t<\/div>\n\t\t\t\t<\/div>\n\t\t\t\t\t<\/div>\n\t\t<\/div>\n\t\t\t\t\t<\/div>\n\t\t<\/section>\n\t\t\t\t<section class=\"elementor-section elementor-top-section elementor-element elementor-element-375c614 elementor-section-boxed elementor-section-height-default elementor-section-height-default\" data-id=\"375c614\" data-element_type=\"section\" data-e-type=\"section\">\n\t\t\t\t\t\t<div class=\"elementor-container elementor-column-gap-default\">\n\t\t\t\t\t<div class=\"elementor-column elementor-col-33 elementor-top-column elementor-element elementor-element-d8a1a83\" data-id=\"d8a1a83\" data-element_type=\"column\" data-e-type=\"column\">\n\t\t\t<div class=\"elementor-widget-wrap elementor-element-populated\">\n\t\t\t\t\t\t<div class=\"elementor-element elementor-element-6baf063f elementor-view-default elementor-position-block-start elementor-mobile-position-block-start elementor-widget elementor-widget-icon-box\" data-id=\"6baf063f\" data-element_type=\"widget\" data-e-type=\"widget\" data-widget_type=\"icon-box.default\">\n\t\t\t\t<div class=\"elementor-widget-container\">\n\t\t\t\t\t\t\t<div class=\"elementor-icon-box-wrapper\">\n\n\t\t\t\t\t\t<div class=\"elementor-icon-box-icon\">\n\t\t\t\t<span  class=\"elementor-icon\">\n\t\t\t\t<i aria-hidden=\"true\" class=\"fas fa-home\"><\/i>\t\t\t\t<\/span>\n\t\t\t<\/div>\n\t\t\t\n\t\t\t\t\t\t<div class=\"elementor-icon-box-content\">\n\n\t\t\t\t\t\t\t\t\t<h3 class=\"elementor-icon-box-title\">\n\t\t\t\t\t\t<span  >\n\t\t\t\t\t\t\tVISIT US\t\t\t\t\t\t<\/span>\n\t\t\t\t\t<\/h3>\n\t\t\t\t\n\t\t\t\t\t\t\t\t\t<p class=\"elementor-icon-box-description\">\n\t\t\t\t\t\t \t\t\t\t\t<\/p>\n\t\t\t\t\n\t\t\t<\/div>\n\t\t\t\n\t\t<\/div>\n\t\t\t\t\t\t<\/div>\n\t\t\t\t<\/div>\n\t\t\t\t<div class=\"elementor-element elementor-element-7b58a7ee elementor-widget elementor-widget-heading\" data-id=\"7b58a7ee\" data-element_type=\"widget\" data-e-type=\"widget\" data-widget_type=\"heading.default\">\n\t\t\t\t<div class=\"elementor-widget-container\">\n\t\t\t\t\t<p class=\"elementor-heading-title elementor-size-large\"><b>PROFIT TURKEY<\/b><br><b>Zuhtupasa Mah. Bagdat Cad.<br>Yolac Plaza 32\/207<br>K\u0131z\u0131ltoprak - Kad\u0131koy \/ Istanbul<\/b><\/p>\t\t\t\t<\/div>\n\t\t\t\t<\/div>\n\t\t\t\t\t<\/div>\n\t\t<\/div>\n\t\t\t\t<div class=\"elementor-column elementor-col-33 elementor-top-column elementor-element elementor-element-12d59b03\" data-id=\"12d59b03\" data-element_type=\"column\" data-e-type=\"column\">\n\t\t\t<div class=\"elementor-widget-wrap elementor-element-populated\">\n\t\t\t\t\t\t<div class=\"elementor-element elementor-element-430a1be8 elementor-view-default elementor-position-block-start elementor-mobile-position-block-start elementor-widget elementor-widget-icon-box\" data-id=\"430a1be8\" data-element_type=\"widget\" data-e-type=\"widget\" data-widget_type=\"icon-box.default\">\n\t\t\t\t<div class=\"elementor-widget-container\">\n\t\t\t\t\t\t\t<div class=\"elementor-icon-box-wrapper\">\n\n\t\t\t\t\t\t<div class=\"elementor-icon-box-icon\">\n\t\t\t\t<span  class=\"elementor-icon\">\n\t\t\t\t<i aria-hidden=\"true\" class=\"fas fa-phone\"><\/i>\t\t\t\t<\/span>\n\t\t\t<\/div>\n\t\t\t\n\t\t\t\t\t\t<div class=\"elementor-icon-box-content\">\n\n\t\t\t\t\t\t\t\t\t<h3 class=\"elementor-icon-box-title\">\n\t\t\t\t\t\t<span  >\n\t\t\t\t\t\t\tCALL US\t\t\t\t\t\t<\/span>\n\t\t\t\t\t<\/h3>\n\t\t\t\t\n\t\t\t\t\n\t\t\t<\/div>\n\t\t\t\n\t\t<\/div>\n\t\t\t\t\t\t<\/div>\n\t\t\t\t<\/div>\n\t\t\t\t<div class=\"elementor-element elementor-element-5cd688f1 elementor-widget elementor-widget-heading\" data-id=\"5cd688f1\" data-element_type=\"widget\" data-e-type=\"widget\" data-widget_type=\"heading.default\">\n\t\t\t\t<div class=\"elementor-widget-container\">\n\t\t\t\t\t<p class=\"elementor-heading-title elementor-size-large\">+90 532 242 20 46<\/p>\t\t\t\t<\/div>\n\t\t\t\t<\/div>\n\t\t\t\t\t<\/div>\n\t\t<\/div>\n\t\t\t\t<div class=\"elementor-column elementor-col-33 elementor-top-column elementor-element elementor-element-4ee733ca\" data-id=\"4ee733ca\" data-element_type=\"column\" data-e-type=\"column\">\n\t\t\t<div class=\"elementor-widget-wrap elementor-element-populated\">\n\t\t\t\t\t\t<div class=\"elementor-element elementor-element-42e7daa6 elementor-view-default elementor-position-block-start elementor-mobile-position-block-start elementor-widget elementor-widget-icon-box\" data-id=\"42e7daa6\" data-element_type=\"widget\" data-e-type=\"widget\" data-widget_type=\"icon-box.default\">\n\t\t\t\t<div class=\"elementor-widget-container\">\n\t\t\t\t\t\t\t<div class=\"elementor-icon-box-wrapper\">\n\n\t\t\t\t\t\t<div class=\"elementor-icon-box-icon\">\n\t\t\t\t<span  class=\"elementor-icon\">\n\t\t\t\t<i aria-hidden=\"true\" class=\"far fa-envelope\"><\/i>\t\t\t\t<\/span>\n\t\t\t<\/div>\n\t\t\t\n\t\t\t\t\t\t<div class=\"elementor-icon-box-content\">\n\n\t\t\t\t\t\t\t\t\t<h3 class=\"elementor-icon-box-title\">\n\t\t\t\t\t\t<span  >\n\t\t\t\t\t\t\tE-MAIL US\t\t\t\t\t\t<\/span>\n\t\t\t\t\t<\/h3>\n\t\t\t\t\n\t\t\t\t\n\t\t\t<\/div>\n\t\t\t\n\t\t<\/div>\n\t\t\t\t\t\t<\/div>\n\t\t\t\t<\/div>\n\t\t\t\t<div class=\"elementor-element elementor-element-357e8542 elementor-widget elementor-widget-heading\" data-id=\"357e8542\" data-element_type=\"widget\" data-e-type=\"widget\" data-widget_type=\"heading.default\">\n\t\t\t\t<div class=\"elementor-widget-container\">\n\t\t\t\t\t<p class=\"elementor-heading-title elementor-size-large\"><a href=\"mailto:info@profitturkey.com\">info@profitturkey.com<\/a><\/p>\t\t\t\t<\/div>\n\t\t\t\t<\/div>\n\t\t\t\t\t<\/div>\n\t\t<\/div>\n\t\t\t\t\t<\/div>\n\t\t<\/section>\n\t\t\t\t<section class=\"elementor-section elementor-top-section elementor-element elementor-element-7012b856 elementor-section-full_width elementor-section-height-default elementor-section-height-default\" data-id=\"7012b856\" data-element_type=\"section\" data-e-type=\"section\">\n\t\t\t\t\t\t<div class=\"elementor-container elementor-column-gap-no\">\n\t\t\t\t\t<div class=\"elementor-column elementor-col-100 elementor-top-column elementor-element elementor-element-642fe0e8\" data-id=\"642fe0e8\" data-element_type=\"column\" data-e-type=\"column\">\n\t\t\t<div class=\"elementor-widget-wrap elementor-element-populated\">\n\t\t\t\t\t\t<div class=\"elementor-element elementor-element-9a8b302 elementor-widget elementor-widget-google_maps\" data-id=\"9a8b302\" data-element_type=\"widget\" data-e-type=\"widget\" data-widget_type=\"google_maps.default\">\n\t\t\t\t<div class=\"elementor-widget-container\">\n\t\t\t\t\t\t\t<div class=\"elementor-custom-embed\">\n\t\t\t<iframe loading=\"lazy\"\n\t\t\t\t\tsrc=\"https:\/\/maps.google.com\/maps?q=Yola%C3%A7%20Plaza%2C%20Z%C3%BCht%C3%BCpa%C5%9Fa%2C%20Kad%C4%B1k%C3%B6y&#038;t=m&#038;z=16&#038;output=embed&#038;iwloc=near\"\n\t\t\t\t\ttitle=\"Yola\u00e7 Plaza, Z\u00fcht\u00fcpa\u015fa, Kad\u0131k\u00f6y\"\n\t\t\t\t\taria-label=\"Yola\u00e7 Plaza, Z\u00fcht\u00fcpa\u015fa, Kad\u0131k\u00f6y\"\n\t\t\t><\/iframe>\n\t\t<\/div>\n\t\t\t\t\t\t<\/div>\n\t\t\t\t<\/div>\n\t\t\t\t\t<\/div>\n\t\t<\/div>\n\t\t\t\t\t<\/div>\n\t\t<\/section>\n\t\t\t\t<\/div>\n\t\t","protected":false},"excerpt":{"rendered":"<p>CONTACT US We are here for you, when ever you want VISIT US PROFIT TURKEYZuhtupasa Mah. Bagdat Cad.Yolac Plaza 32\/207K\u0131z\u0131ltoprak &#8211; Kad\u0131koy \/ Istanbul CALL US +90 532 242 20 46 E-MAIL US info@profitturkey.com<\/p>\n","protected":false},"author":1,"featured_media":0,"parent":0,"menu_order":0,"comment_status":"closed","ping_status":"closed","template":"","meta":{"om_disable_all_campaigns":false,"_monsterinsights_skip_tracking":false,"_monsterinsights_sitenote_active":false,"_monsterinsights_sitenote_note":"","_monsterinsights_sitenote_category":0,"site-sidebar-layout":"no-sidebar","site-content-layout":"page-builder","ast-site-content-layout":"default","site-content-style":"default","site-sidebar-style":"default","ast-global-header-display":"","ast-banner-title-visibility":"","ast-main-header-display":"","ast-hfb-above-header-display":"","ast-hfb-below-header-display":"","ast-hfb-mobile-header-display":"","site-post-title":"disabled","ast-breadcrumbs-content":"","ast-featured-img":"disabled","footer-sml-layout":"","ast-disable-related-posts":"","theme-transparent-header-meta":"default","adv-header-id-meta":"","stick-header-meta":"","header-above-stick-meta":"","header-main-stick-meta":"","header-below-stick-meta":"","astra-migrate-meta-layouts":"default","ast-page-background-enabled":"default","ast-page-background-meta":{"desktop":{"background-color":"","background-image":"","background-repeat":"repeat","background-position":"center center","background-size":"auto","background-attachment":"scroll","background-type":"","background-media":"","overlay-type":"","overlay-color":"","overlay-opacity":"","overlay-gradient":""},"tablet":{"background-color":"","background-image":"","background-repeat":"repeat","background-position":"center center","background-size":"auto","background-attachment":"scroll","background-type":"","background-media":"","overlay-type":"","overlay-color":"","overlay-opacity":"","overlay-gradient":""},"mobile":{"background-color":"","background-image":"","background-repeat":"repeat","background-position":"center center","background-size":"auto","background-attachment":"scroll","background-type":"","background-media":"","overlay-type":"","overlay-color":"","overlay-opacity":"","overlay-gradient":""}},"ast-content-background-meta":{"desktop":{"background-color":"var(--ast-global-color-5)","background-image":"","background-repeat":"repeat","background-position":"center center","background-size":"auto","background-attachment":"scroll","background-type":"","background-media":"","overlay-type":"","overlay-color":"","overlay-opacity":"","overlay-gradient":""},"tablet":{"background-color":"var(--ast-global-color-5)","background-image":"","background-repeat":"repeat","background-position":"center center","background-size":"auto","background-attachment":"scroll","background-type":"","background-media":"","overlay-type":"","overlay-color":"","overlay-opacity":"","overlay-gradient":""},"mobile":{"background-color":"var(--ast-global-color-5)","background-image":"","background-repeat":"repeat","background-position":"center center","background-size":"auto","background-attachment":"scroll","background-type":"","background-media":"","overlay-type":"","overlay-color":"","overlay-opacity":"","overlay-gradient":""}},"footnotes":""},"class_list":["post-195","page","type-page","status-publish","hentry"],"yoast_head":"<!-- This site is optimized with the Yoast SEO plugin v27.4 - https:\/\/yoast.com\/product\/yoast-seo-wordpress\/ -->\n<title>Contact - Profit T\u00fcrkiye<\/title>\n<meta name=\"robots\" content=\"index, follow, max-snippet:-1, max-image-preview:large, max-video-preview:-1\" \/>\n<link rel=\"canonical\" href=\"https:\/\/www.profitturkey.com\/cd9nu9\/en\/contact-2\/\" \/>\n<meta property=\"og:locale\" content=\"en_US\" \/>\n<meta property=\"og:type\" content=\"article\" \/>\n<meta property=\"og:title\" content=\"Contact - Profit T\u00fcrkiye\" \/>\n<meta property=\"og:description\" content=\"CONTACT US We are here for you, when ever you want VISIT US PROFIT TURKEYZuhtupasa Mah. Bagdat Cad.Yolac Plaza 32\/207K\u0131z\u0131ltoprak &#8211; Kad\u0131koy \/ Istanbul CALL US +90 532 242 20 46 E-MAIL US info@profitturkey.com\" \/>\n<meta property=\"og:url\" content=\"https:\/\/www.profitturkey.com\/cd9nu9\/en\/contact-2\/\" \/>\n<meta property=\"og:site_name\" content=\"Profit T\u00fcrkiye\" \/>\n<meta property=\"article:modified_time\" content=\"2020-11-03T16:07:02+00:00\" \/>\n<meta name=\"twitter:card\" content=\"summary_large_image\" \/>\n<script type=\"application\/ld+json\" class=\"yoast-schema-graph\">{\"@context\":\"https:\\\/\\\/schema.org\",\"@graph\":[{\"@type\":\"WebPage\",\"@id\":\"https:\\\/\\\/www.profitturkey.com\\\/cd9nu9\\\/en\\\/contact-2\\\/\",\"url\":\"https:\\\/\\\/www.profitturkey.com\\\/cd9nu9\\\/en\\\/contact-2\\\/\",\"name\":\"Contact - Profit T\u00fcrkiye\",\"isPartOf\":{\"@id\":\"https:\\\/\\\/www.profitturkey.com\\\/cd9nu9\\\/#website\"},\"datePublished\":\"2020-10-25T15:52:27+00:00\",\"dateModified\":\"2020-11-03T16:07:02+00:00\",\"breadcrumb\":{\"@id\":\"https:\\\/\\\/www.profitturkey.com\\\/cd9nu9\\\/en\\\/contact-2\\\/#breadcrumb\"},\"inLanguage\":\"en-US\",\"potentialAction\":[{\"@type\":\"ReadAction\",\"target\":[\"https:\\\/\\\/www.profitturkey.com\\\/cd9nu9\\\/en\\\/contact-2\\\/\"]}]},{\"@type\":\"BreadcrumbList\",\"@id\":\"https:\\\/\\\/www.profitturkey.com\\\/cd9nu9\\\/en\\\/contact-2\\\/#breadcrumb\",\"itemListElement\":[{\"@type\":\"ListItem\",\"position\":1,\"name\":\"Home\",\"item\":\"https:\\\/\\\/www.profitturkey.com\\\/\"},{\"@type\":\"ListItem\",\"position\":2,\"name\":\"Contact\"}]},{\"@type\":\"WebSite\",\"@id\":\"https:\\\/\\\/www.profitturkey.com\\\/cd9nu9\\\/#website\",\"url\":\"https:\\\/\\\/www.profitturkey.com\\\/cd9nu9\\\/\",\"name\":\"Profit T\u00fcrkiye\",\"description\":\"Profitable Solutions\",\"publisher\":{\"@id\":\"https:\\\/\\\/www.profitturkey.com\\\/cd9nu9\\\/#organization\"},\"potentialAction\":[{\"@type\":\"SearchAction\",\"target\":{\"@type\":\"EntryPoint\",\"urlTemplate\":\"https:\\\/\\\/www.profitturkey.com\\\/cd9nu9\\\/?s={search_term_string}\"},\"query-input\":{\"@type\":\"PropertyValueSpecification\",\"valueRequired\":true,\"valueName\":\"search_term_string\"}}],\"inLanguage\":\"en-US\"},{\"@type\":\"Organization\",\"@id\":\"https:\\\/\\\/www.profitturkey.com\\\/cd9nu9\\\/#organization\",\"name\":\"Profit T\u00fcrkiye\",\"url\":\"https:\\\/\\\/www.profitturkey.com\\\/cd9nu9\\\/\",\"logo\":{\"@type\":\"ImageObject\",\"inLanguage\":\"en-US\",\"@id\":\"https:\\\/\\\/www.profitturkey.com\\\/cd9nu9\\\/#\\\/schema\\\/logo\\\/image\\\/\",\"url\":\"https:\\\/\\\/www.profitturkey.com\\\/wp-content\\\/uploads\\\/2020\\\/08\\\/Profit_edited.png\",\"contentUrl\":\"https:\\\/\\\/www.profitturkey.com\\\/wp-content\\\/uploads\\\/2020\\\/08\\\/Profit_edited.png\",\"width\":386,\"height\":125,\"caption\":\"Profit T\u00fcrkiye\"},\"image\":{\"@id\":\"https:\\\/\\\/www.profitturkey.com\\\/cd9nu9\\\/#\\\/schema\\\/logo\\\/image\\\/\"}}]}<\/script>\n<!-- \/ Yoast SEO plugin. -->","yoast_head_json":{"title":"Contact - Profit T\u00fcrkiye","robots":{"index":"index","follow":"follow","max-snippet":"max-snippet:-1","max-image-preview":"max-image-preview:large","max-video-preview":"max-video-preview:-1"},"canonical":"https:\/\/www.profitturkey.com\/cd9nu9\/en\/contact-2\/","og_locale":"en_US","og_type":"article","og_title":"Contact - Profit T\u00fcrkiye","og_description":"CONTACT US We are here for you, when ever you want VISIT US PROFIT TURKEYZuhtupasa Mah. Bagdat Cad.Yolac Plaza 32\/207K\u0131z\u0131ltoprak &#8211; Kad\u0131koy \/ Istanbul CALL US +90 532 242 20 46 E-MAIL US info@profitturkey.com","og_url":"https:\/\/www.profitturkey.com\/cd9nu9\/en\/contact-2\/","og_site_name":"Profit T\u00fcrkiye","article_modified_time":"2020-11-03T16:07:02+00:00","twitter_card":"summary_large_image","schema":{"@context":"https:\/\/schema.org","@graph":[{"@type":"WebPage","@id":"https:\/\/www.profitturkey.com\/cd9nu9\/en\/contact-2\/","url":"https:\/\/www.profitturkey.com\/cd9nu9\/en\/contact-2\/","name":"Contact - Profit T\u00fcrkiye","isPartOf":{"@id":"https:\/\/www.profitturkey.com\/cd9nu9\/#website"},"datePublished":"2020-10-25T15:52:27+00:00","dateModified":"2020-11-03T16:07:02+00:00","breadcrumb":{"@id":"https:\/\/www.profitturkey.com\/cd9nu9\/en\/contact-2\/#breadcrumb"},"inLanguage":"en-US","potentialAction":[{"@type":"ReadAction","target":["https:\/\/www.profitturkey.com\/cd9nu9\/en\/contact-2\/"]}]},{"@type":"BreadcrumbList","@id":"https:\/\/www.profitturkey.com\/cd9nu9\/en\/contact-2\/#breadcrumb","itemListElement":[{"@type":"ListItem","position":1,"name":"Home","item":"https:\/\/www.profitturkey.com\/"},{"@type":"ListItem","position":2,"name":"Contact"}]},{"@type":"WebSite","@id":"https:\/\/www.profitturkey.com\/cd9nu9\/#website","url":"https:\/\/www.profitturkey.com\/cd9nu9\/","name":"Profit T\u00fcrkiye","description":"Profitable Solutions","publisher":{"@id":"https:\/\/www.profitturkey.com\/cd9nu9\/#organization"},"potentialAction":[{"@type":"SearchAction","target":{"@type":"EntryPoint","urlTemplate":"https:\/\/www.profitturkey.com\/cd9nu9\/?s={search_term_string}"},"query-input":{"@type":"PropertyValueSpecification","valueRequired":true,"valueName":"search_term_string"}}],"inLanguage":"en-US"},{"@type":"Organization","@id":"https:\/\/www.profitturkey.com\/cd9nu9\/#organization","name":"Profit T\u00fcrkiye","url":"https:\/\/www.profitturkey.com\/cd9nu9\/","logo":{"@type":"ImageObject","inLanguage":"en-US","@id":"https:\/\/www.profitturkey.com\/cd9nu9\/#\/schema\/logo\/image\/","url":"https:\/\/www.profitturkey.com\/wp-content\/uploads\/2020\/08\/Profit_edited.png","contentUrl":"https:\/\/www.profitturkey.com\/wp-content\/uploads\/2020\/08\/Profit_edited.png","width":386,"height":125,"caption":"Profit T\u00fcrkiye"},"image":{"@id":"https:\/\/www.profitturkey.com\/cd9nu9\/#\/schema\/logo\/image\/"}}]}},"_links":{"self":[{"href":"https:\/\/www.profitturkey.com\/cd9nu9\/wp-json\/wp\/v2\/pages\/195","targetHints":{"allow":["GET"]}}],"collection":[{"href":"https:\/\/www.profitturkey.com\/cd9nu9\/wp-json\/wp\/v2\/pages"}],"about":[{"href":"https:\/\/www.profitturkey.com\/cd9nu9\/wp-json\/wp\/v2\/types\/page"}],"author":[{"embeddable":true,"href":"https:\/\/www.profitturkey.com\/cd9nu9\/wp-json\/wp\/v2\/users\/1"}],"replies":[{"embeddable":true,"href":"https:\/\/www.profitturkey.com\/cd9nu9\/wp-json\/wp\/v2\/comments?post=195"}],"version-history":[{"count":4,"href":"https:\/\/www.profitturkey.com\/cd9nu9\/wp-json\/wp\/v2\/pages\/195\/revisions"}],"predecessor-version":[{"id":297,"href":"https:\/\/www.profitturkey.com\/cd9nu9\/wp-json\/wp\/v2\/pages\/195\/revisions\/297"}],"wp:attachment":[{"href":"https:\/\/www.profitturkey.com\/cd9nu9\/wp-json\/wp\/v2\/media?parent=195"}],"curies":[{"name":"wp","href":"https:\/\/api.w.org\/{rel}","templated":true}]}}