{"id":146,"date":"2020-10-14T20:58:12","date_gmt":"2020-10-14T17:58:12","guid":{"rendered":"https:\/\/www.profitturkey.com\/?page_id=146"},"modified":"2020-11-03T19:55:30","modified_gmt":"2020-11-03T16:55:30","slug":"gayrimenkul_yonetim","status":"publish","type":"page","link":"https:\/\/www.profitturkey.com\/cd9nu9\/gayrimenkul_yonetim\/","title":{"rendered":"Gayrimenkul Y\u00f6netim Dan\u0131\u015fmanl\u0131\u011f\u0131"},"content":{"rendered":"\t\t<div data-elementor-type=\"wp-page\" data-elementor-id=\"146\" class=\"elementor elementor-146\">\n\t\t\t\t\t\t<section class=\"elementor-section elementor-top-section elementor-element elementor-element-bd82dd1 elementor-section-boxed elementor-section-height-default elementor-section-height-default\" data-id=\"bd82dd1\" data-element_type=\"section\" data-e-type=\"section\">\n\t\t\t\t\t\t<div class=\"elementor-container elementor-column-gap-default\">\n\t\t\t\t\t<div class=\"elementor-column elementor-col-100 elementor-top-column elementor-element elementor-element-ca28600\" data-id=\"ca28600\" data-element_type=\"column\" data-e-type=\"column\">\n\t\t\t<div class=\"elementor-widget-wrap elementor-element-populated\">\n\t\t\t\t\t\t<div class=\"elementor-element elementor-element-9ba267f elementor-widget elementor-widget-heading\" data-id=\"9ba267f\" data-element_type=\"widget\" data-e-type=\"widget\" data-widget_type=\"heading.default\">\n\t\t\t\t<div class=\"elementor-widget-container\">\n\t\t\t\t\t<h2 class=\"elementor-heading-title elementor-size-default\">Gayrimenkul Y\u00f6netim Dan\u0131\u015fmanl\u0131\u011f\u0131<\/h2>\t\t\t\t<\/div>\n\t\t\t\t<\/div>\n\t\t\t\t<section class=\"elementor-section elementor-inner-section elementor-element elementor-element-3777628 elementor-section-boxed elementor-section-height-default elementor-section-height-default\" data-id=\"3777628\" data-element_type=\"section\" data-e-type=\"section\">\n\t\t\t\t\t\t<div class=\"elementor-container elementor-column-gap-default\">\n\t\t\t\t\t<div class=\"elementor-column elementor-col-50 elementor-inner-column elementor-element elementor-element-48ac976\" data-id=\"48ac976\" data-element_type=\"column\" data-e-type=\"column\">\n\t\t\t<div class=\"elementor-widget-wrap elementor-element-populated\">\n\t\t\t\t\t\t<div class=\"elementor-element elementor-element-df68ccd elementor-widget elementor-widget-text-editor\" data-id=\"df68ccd\" data-element_type=\"widget\" data-e-type=\"widget\" data-widget_type=\"text-editor.default\">\n\t\t\t\t<div class=\"elementor-widget-container\">\n\t\t\t\t\t\t\t\t\t<p>Profit T\u00fcrkiye, gayrimenkul sahiplerinin m\u00fclklerinin de\u011ferlerini artt\u0131rmalar\u0131na yard\u0131mc\u0131 olur, zaman kayb\u0131n\u0131n \u00f6nlenmesini sa\u011flar. Verimli ve sa\u011fl\u0131kl\u0131 bir kirac\u0131 ve mal sahibi birlikteli\u011fi i\u00e7in \u00e7al\u0131\u015f\u0131r.<\/p><ul><li>Gayrimenkul sahiplerinin varl\u0131k de\u011ferlerinin belirlenmesi,<\/li><li>Uzun vadeli \u00e7al\u0131\u015fmalar ile varl\u0131k de\u011ferlerinin geni\u015fletilmesi ve maksimum verime ula\u015ft\u0131r\u0131lmas\u0131,<\/li><li>Gayrimenkullerdeki mevcut kira bedelinin \u00e7evresindeki e\u015f zamanl\u0131 kontratlarla kar\u015f\u0131la\u015ft\u0131r\u0131lmas\u0131,<\/li><li>Kirac\u0131 memnuniyetsizli\u011fi tespit edilen ve kapat\u0131lmak istenen ma\u011fazalar\u0131n bilgilerinin gayrimenkul sahibi ile payla\u015f\u0131larak, acil eylem plan\u0131n\u0131n uygulanmas\u0131.<\/li><\/ul>\t\t\t\t\t\t\t\t<\/div>\n\t\t\t\t<\/div>\n\t\t\t\t\t<\/div>\n\t\t<\/div>\n\t\t\t\t<div class=\"elementor-column elementor-col-50 elementor-inner-column elementor-element elementor-element-286e52a\" data-id=\"286e52a\" data-element_type=\"column\" data-e-type=\"column\">\n\t\t\t<div class=\"elementor-widget-wrap elementor-element-populated\">\n\t\t\t\t\t\t<div class=\"elementor-element elementor-element-93f12f4 elementor-widget elementor-widget-image\" data-id=\"93f12f4\" data-element_type=\"widget\" data-e-type=\"widget\" data-widget_type=\"image.default\">\n\t\t\t\t<div class=\"elementor-widget-container\">\n\t\t\t\t\t\t\t\t\t\t\t\t\t\t\t<img fetchpriority=\"high\" decoding=\"async\" width=\"1024\" height=\"616\" src=\"https:\/\/www.profitturkey.com\/cd9nu9\/wp-content\/uploads\/2020\/11\/real-estate-management-e1604333974932-1024x616.jpg\" class=\"attachment-large size-large wp-image-231\" alt=\"\" srcset=\"https:\/\/www.profitturkey.com\/cd9nu9\/wp-content\/uploads\/2020\/11\/real-estate-management-e1604333974932-1024x616.jpg 1024w, https:\/\/www.profitturkey.com\/cd9nu9\/wp-content\/uploads\/2020\/11\/real-estate-management-e1604333974932-300x181.jpg 300w, https:\/\/www.profitturkey.com\/cd9nu9\/wp-content\/uploads\/2020\/11\/real-estate-management-e1604333974932-768x462.jpg 768w, https:\/\/www.profitturkey.com\/cd9nu9\/wp-content\/uploads\/2020\/11\/real-estate-management-e1604333974932.jpg 1507w\" sizes=\"(max-width: 1024px) 100vw, 1024px\" \/>\t\t\t\t\t\t\t\t\t\t\t\t\t\t\t<\/div>\n\t\t\t\t<\/div>\n\t\t\t\t\t<\/div>\n\t\t<\/div>\n\t\t\t\t\t<\/div>\n\t\t<\/section>\n\t\t\t\t\t<\/div>\n\t\t<\/div>\n\t\t\t\t\t<\/div>\n\t\t<\/section>\n\t\t\t\t<\/div>\n\t\t","protected":false},"excerpt":{"rendered":"<p>Gayrimenkul Y\u00f6netim Dan\u0131\u015fmanl\u0131\u011f\u0131 Profit T\u00fcrkiye, gayrimenkul sahiplerinin m\u00fclklerinin de\u011ferlerini artt\u0131rmalar\u0131na yard\u0131mc\u0131 olur, zaman kayb\u0131n\u0131n \u00f6nlenmesini sa\u011flar. Verimli ve sa\u011fl\u0131kl\u0131 bir kirac\u0131 ve mal sahibi birlikteli\u011fi i\u00e7in \u00e7al\u0131\u015f\u0131r. Gayrimenkul sahiplerinin varl\u0131k de\u011ferlerinin belirlenmesi, Uzun vadeli \u00e7al\u0131\u015fmalar ile varl\u0131k de\u011ferlerinin geni\u015fletilmesi ve maksimum verime ula\u015ft\u0131r\u0131lmas\u0131, Gayrimenkullerdeki mevcut kira bedelinin \u00e7evresindeki e\u015f zamanl\u0131 kontratlarla kar\u015f\u0131la\u015ft\u0131r\u0131lmas\u0131, Kirac\u0131 memnuniyetsizli\u011fi tespit [&hellip;]<\/p>\n","protected":false},"author":1,"featured_media":0,"parent":0,"menu_order":0,"comment_status":"closed","ping_status":"closed","template":"","meta":{"om_disable_all_campaigns":false,"_monsterinsights_skip_tracking":false,"_monsterinsights_sitenote_active":false,"_monsterinsights_sitenote_note":"","_monsterinsights_sitenote_category":0,"site-sidebar-layout":"no-sidebar","site-content-layout":"page-builder","ast-site-content-layout":"default","site-content-style":"default","site-sidebar-style":"default","ast-global-header-display":"","ast-banner-title-visibility":"","ast-main-header-display":"","ast-hfb-above-header-display":"","ast-hfb-below-header-display":"","ast-hfb-mobile-header-display":"","site-post-title":"disabled","ast-breadcrumbs-content":"","ast-featured-img":"disabled","footer-sml-layout":"","ast-disable-related-posts":"","theme-transparent-header-meta":"default","adv-header-id-meta":"","stick-header-meta":"","header-above-stick-meta":"","header-main-stick-meta":"","header-below-stick-meta":"","astra-migrate-meta-layouts":"default","ast-page-background-enabled":"default","ast-page-background-meta":{"desktop":{"background-color":"","background-image":"","background-repeat":"repeat","background-position":"center center","background-size":"auto","background-attachment":"scroll","background-type":"","background-media":"","overlay-type":"","overlay-color":"","overlay-opacity":"","overlay-gradient":""},"tablet":{"background-color":"","background-image":"","background-repeat":"repeat","background-position":"center center","background-size":"auto","background-attachment":"scroll","background-type":"","background-media":"","overlay-type":"","overlay-color":"","overlay-opacity":"","overlay-gradient":""},"mobile":{"background-color":"","background-image":"","background-repeat":"repeat","background-position":"center center","background-size":"auto","background-attachment":"scroll","background-type":"","background-media":"","overlay-type":"","overlay-color":"","overlay-opacity":"","overlay-gradient":""}},"ast-content-background-meta":{"desktop":{"background-color":"var(--ast-global-color-5)","background-image":"","background-repeat":"repeat","background-position":"center center","background-size":"auto","background-attachment":"scroll","background-type":"","background-media":"","overlay-type":"","overlay-color":"","overlay-opacity":"","overlay-gradient":""},"tablet":{"background-color":"var(--ast-global-color-5)","background-image":"","background-repeat":"repeat","background-position":"center center","background-size":"auto","background-attachment":"scroll","background-type":"","background-media":"","overlay-type":"","overlay-color":"","overlay-opacity":"","overlay-gradient":""},"mobile":{"background-color":"var(--ast-global-color-5)","background-image":"","background-repeat":"repeat","background-position":"center center","background-size":"auto","background-attachment":"scroll","background-type":"","background-media":"","overlay-type":"","overlay-color":"","overlay-opacity":"","overlay-gradient":""}},"footnotes":""},"class_list":["post-146","page","type-page","status-publish","hentry"],"yoast_head":"<!-- This site is optimized with the Yoast SEO plugin v27.5 - https:\/\/yoast.com\/product\/yoast-seo-wordpress\/ -->\n<title>Gayrimenkul Y\u00f6netim Dan\u0131\u015fmanl\u0131\u011f\u0131 - Profit T\u00fcrkiye<\/title>\n<meta name=\"robots\" content=\"index, follow, max-snippet:-1, max-image-preview:large, max-video-preview:-1\" \/>\n<link rel=\"canonical\" href=\"https:\/\/www.profitturkey.com\/cd9nu9\/gayrimenkul_yonetim\/\" \/>\n<meta property=\"og:locale\" content=\"en_US\" \/>\n<meta property=\"og:type\" content=\"article\" \/>\n<meta property=\"og:title\" content=\"Gayrimenkul Y\u00f6netim Dan\u0131\u015fmanl\u0131\u011f\u0131 - Profit T\u00fcrkiye\" \/>\n<meta property=\"og:description\" content=\"Gayrimenkul Y\u00f6netim Dan\u0131\u015fmanl\u0131\u011f\u0131 Profit T\u00fcrkiye, gayrimenkul sahiplerinin m\u00fclklerinin de\u011ferlerini artt\u0131rmalar\u0131na yard\u0131mc\u0131 olur, zaman kayb\u0131n\u0131n \u00f6nlenmesini sa\u011flar. Verimli ve sa\u011fl\u0131kl\u0131 bir kirac\u0131 ve mal sahibi birlikteli\u011fi i\u00e7in \u00e7al\u0131\u015f\u0131r. Gayrimenkul sahiplerinin varl\u0131k de\u011ferlerinin belirlenmesi, Uzun vadeli \u00e7al\u0131\u015fmalar ile varl\u0131k de\u011ferlerinin geni\u015fletilmesi ve maksimum verime ula\u015ft\u0131r\u0131lmas\u0131, Gayrimenkullerdeki mevcut kira bedelinin \u00e7evresindeki e\u015f zamanl\u0131 kontratlarla kar\u015f\u0131la\u015ft\u0131r\u0131lmas\u0131, Kirac\u0131 memnuniyetsizli\u011fi tespit [&hellip;]\" \/>\n<meta property=\"og:url\" content=\"https:\/\/www.profitturkey.com\/cd9nu9\/gayrimenkul_yonetim\/\" \/>\n<meta property=\"og:site_name\" content=\"Profit T\u00fcrkiye\" \/>\n<meta property=\"article:modified_time\" content=\"2020-11-03T16:55:30+00:00\" \/>\n<meta property=\"og:image\" content=\"https:\/\/www.profitturkey.com\/wp-content\/uploads\/2020\/11\/real-estate-management-e1604333974932-1024x616.jpg\" \/>\n<meta name=\"twitter:card\" content=\"summary_large_image\" \/>\n<meta name=\"twitter:label1\" content=\"Est. reading time\" \/>\n\t<meta name=\"twitter:data1\" content=\"1 minute\" \/>\n<script type=\"application\/ld+json\" class=\"yoast-schema-graph\">{\"@context\":\"https:\\\/\\\/schema.org\",\"@graph\":[{\"@type\":\"WebPage\",\"@id\":\"https:\\\/\\\/www.profitturkey.com\\\/cd9nu9\\\/gayrimenkul_yonetim\\\/\",\"url\":\"https:\\\/\\\/www.profitturkey.com\\\/cd9nu9\\\/gayrimenkul_yonetim\\\/\",\"name\":\"Gayrimenkul Y\u00f6netim Dan\u0131\u015fmanl\u0131\u011f\u0131 - Profit T\u00fcrkiye\",\"isPartOf\":{\"@id\":\"https:\\\/\\\/www.profitturkey.com\\\/cd9nu9\\\/#website\"},\"primaryImageOfPage\":{\"@id\":\"https:\\\/\\\/www.profitturkey.com\\\/cd9nu9\\\/gayrimenkul_yonetim\\\/#primaryimage\"},\"image\":{\"@id\":\"https:\\\/\\\/www.profitturkey.com\\\/cd9nu9\\\/gayrimenkul_yonetim\\\/#primaryimage\"},\"thumbnailUrl\":\"https:\\\/\\\/www.profitturkey.com\\\/wp-content\\\/uploads\\\/2020\\\/11\\\/real-estate-management-e1604333974932-1024x616.jpg\",\"datePublished\":\"2020-10-14T17:58:12+00:00\",\"dateModified\":\"2020-11-03T16:55:30+00:00\",\"breadcrumb\":{\"@id\":\"https:\\\/\\\/www.profitturkey.com\\\/cd9nu9\\\/gayrimenkul_yonetim\\\/#breadcrumb\"},\"inLanguage\":\"en-US\",\"potentialAction\":[{\"@type\":\"ReadAction\",\"target\":[\"https:\\\/\\\/www.profitturkey.com\\\/cd9nu9\\\/gayrimenkul_yonetim\\\/\"]}]},{\"@type\":\"ImageObject\",\"inLanguage\":\"en-US\",\"@id\":\"https:\\\/\\\/www.profitturkey.com\\\/cd9nu9\\\/gayrimenkul_yonetim\\\/#primaryimage\",\"url\":\"https:\\\/\\\/www.profitturkey.com\\\/wp-content\\\/uploads\\\/2020\\\/11\\\/real-estate-management-e1604333974932-1024x616.jpg\",\"contentUrl\":\"https:\\\/\\\/www.profitturkey.com\\\/wp-content\\\/uploads\\\/2020\\\/11\\\/real-estate-management-e1604333974932-1024x616.jpg\"},{\"@type\":\"BreadcrumbList\",\"@id\":\"https:\\\/\\\/www.profitturkey.com\\\/cd9nu9\\\/gayrimenkul_yonetim\\\/#breadcrumb\",\"itemListElement\":[{\"@type\":\"ListItem\",\"position\":1,\"name\":\"Home\",\"item\":\"https:\\\/\\\/www.profitturkey.com\\\/\"},{\"@type\":\"ListItem\",\"position\":2,\"name\":\"Gayrimenkul Y\u00f6netim Dan\u0131\u015fmanl\u0131\u011f\u0131\"}]},{\"@type\":\"WebSite\",\"@id\":\"https:\\\/\\\/www.profitturkey.com\\\/cd9nu9\\\/#website\",\"url\":\"https:\\\/\\\/www.profitturkey.com\\\/cd9nu9\\\/\",\"name\":\"Profit T\u00fcrkiye\",\"description\":\"Profitable Solutions\",\"publisher\":{\"@id\":\"https:\\\/\\\/www.profitturkey.com\\\/cd9nu9\\\/#organization\"},\"potentialAction\":[{\"@type\":\"SearchAction\",\"target\":{\"@type\":\"EntryPoint\",\"urlTemplate\":\"https:\\\/\\\/www.profitturkey.com\\\/cd9nu9\\\/?s={search_term_string}\"},\"query-input\":{\"@type\":\"PropertyValueSpecification\",\"valueRequired\":true,\"valueName\":\"search_term_string\"}}],\"inLanguage\":\"en-US\"},{\"@type\":\"Organization\",\"@id\":\"https:\\\/\\\/www.profitturkey.com\\\/cd9nu9\\\/#organization\",\"name\":\"Profit T\u00fcrkiye\",\"url\":\"https:\\\/\\\/www.profitturkey.com\\\/cd9nu9\\\/\",\"logo\":{\"@type\":\"ImageObject\",\"inLanguage\":\"en-US\",\"@id\":\"https:\\\/\\\/www.profitturkey.com\\\/cd9nu9\\\/#\\\/schema\\\/logo\\\/image\\\/\",\"url\":\"https:\\\/\\\/www.profitturkey.com\\\/wp-content\\\/uploads\\\/2020\\\/08\\\/Profit_edited.png\",\"contentUrl\":\"https:\\\/\\\/www.profitturkey.com\\\/wp-content\\\/uploads\\\/2020\\\/08\\\/Profit_edited.png\",\"width\":386,\"height\":125,\"caption\":\"Profit T\u00fcrkiye\"},\"image\":{\"@id\":\"https:\\\/\\\/www.profitturkey.com\\\/cd9nu9\\\/#\\\/schema\\\/logo\\\/image\\\/\"}}]}<\/script>\n<!-- \/ Yoast SEO plugin. -->","yoast_head_json":{"title":"Gayrimenkul Y\u00f6netim Dan\u0131\u015fmanl\u0131\u011f\u0131 - Profit T\u00fcrkiye","robots":{"index":"index","follow":"follow","max-snippet":"max-snippet:-1","max-image-preview":"max-image-preview:large","max-video-preview":"max-video-preview:-1"},"canonical":"https:\/\/www.profitturkey.com\/cd9nu9\/gayrimenkul_yonetim\/","og_locale":"en_US","og_type":"article","og_title":"Gayrimenkul Y\u00f6netim Dan\u0131\u015fmanl\u0131\u011f\u0131 - Profit T\u00fcrkiye","og_description":"Gayrimenkul Y\u00f6netim Dan\u0131\u015fmanl\u0131\u011f\u0131 Profit T\u00fcrkiye, gayrimenkul sahiplerinin m\u00fclklerinin de\u011ferlerini artt\u0131rmalar\u0131na yard\u0131mc\u0131 olur, zaman kayb\u0131n\u0131n \u00f6nlenmesini sa\u011flar. Verimli ve sa\u011fl\u0131kl\u0131 bir kirac\u0131 ve mal sahibi birlikteli\u011fi i\u00e7in \u00e7al\u0131\u015f\u0131r. Gayrimenkul sahiplerinin varl\u0131k de\u011ferlerinin belirlenmesi, Uzun vadeli \u00e7al\u0131\u015fmalar ile varl\u0131k de\u011ferlerinin geni\u015fletilmesi ve maksimum verime ula\u015ft\u0131r\u0131lmas\u0131, Gayrimenkullerdeki mevcut kira bedelinin \u00e7evresindeki e\u015f zamanl\u0131 kontratlarla kar\u015f\u0131la\u015ft\u0131r\u0131lmas\u0131, Kirac\u0131 memnuniyetsizli\u011fi tespit [&hellip;]","og_url":"https:\/\/www.profitturkey.com\/cd9nu9\/gayrimenkul_yonetim\/","og_site_name":"Profit T\u00fcrkiye","article_modified_time":"2020-11-03T16:55:30+00:00","og_image":[{"url":"https:\/\/www.profitturkey.com\/wp-content\/uploads\/2020\/11\/real-estate-management-e1604333974932-1024x616.jpg","type":"","width":"","height":""}],"twitter_card":"summary_large_image","twitter_misc":{"Est. reading time":"1 minute"},"schema":{"@context":"https:\/\/schema.org","@graph":[{"@type":"WebPage","@id":"https:\/\/www.profitturkey.com\/cd9nu9\/gayrimenkul_yonetim\/","url":"https:\/\/www.profitturkey.com\/cd9nu9\/gayrimenkul_yonetim\/","name":"Gayrimenkul Y\u00f6netim Dan\u0131\u015fmanl\u0131\u011f\u0131 - Profit T\u00fcrkiye","isPartOf":{"@id":"https:\/\/www.profitturkey.com\/cd9nu9\/#website"},"primaryImageOfPage":{"@id":"https:\/\/www.profitturkey.com\/cd9nu9\/gayrimenkul_yonetim\/#primaryimage"},"image":{"@id":"https:\/\/www.profitturkey.com\/cd9nu9\/gayrimenkul_yonetim\/#primaryimage"},"thumbnailUrl":"https:\/\/www.profitturkey.com\/wp-content\/uploads\/2020\/11\/real-estate-management-e1604333974932-1024x616.jpg","datePublished":"2020-10-14T17:58:12+00:00","dateModified":"2020-11-03T16:55:30+00:00","breadcrumb":{"@id":"https:\/\/www.profitturkey.com\/cd9nu9\/gayrimenkul_yonetim\/#breadcrumb"},"inLanguage":"en-US","potentialAction":[{"@type":"ReadAction","target":["https:\/\/www.profitturkey.com\/cd9nu9\/gayrimenkul_yonetim\/"]}]},{"@type":"ImageObject","inLanguage":"en-US","@id":"https:\/\/www.profitturkey.com\/cd9nu9\/gayrimenkul_yonetim\/#primaryimage","url":"https:\/\/www.profitturkey.com\/wp-content\/uploads\/2020\/11\/real-estate-management-e1604333974932-1024x616.jpg","contentUrl":"https:\/\/www.profitturkey.com\/wp-content\/uploads\/2020\/11\/real-estate-management-e1604333974932-1024x616.jpg"},{"@type":"BreadcrumbList","@id":"https:\/\/www.profitturkey.com\/cd9nu9\/gayrimenkul_yonetim\/#breadcrumb","itemListElement":[{"@type":"ListItem","position":1,"name":"Home","item":"https:\/\/www.profitturkey.com\/"},{"@type":"ListItem","position":2,"name":"Gayrimenkul Y\u00f6netim Dan\u0131\u015fmanl\u0131\u011f\u0131"}]},{"@type":"WebSite","@id":"https:\/\/www.profitturkey.com\/cd9nu9\/#website","url":"https:\/\/www.profitturkey.com\/cd9nu9\/","name":"Profit T\u00fcrkiye","description":"Profitable Solutions","publisher":{"@id":"https:\/\/www.profitturkey.com\/cd9nu9\/#organization"},"potentialAction":[{"@type":"SearchAction","target":{"@type":"EntryPoint","urlTemplate":"https:\/\/www.profitturkey.com\/cd9nu9\/?s={search_term_string}"},"query-input":{"@type":"PropertyValueSpecification","valueRequired":true,"valueName":"search_term_string"}}],"inLanguage":"en-US"},{"@type":"Organization","@id":"https:\/\/www.profitturkey.com\/cd9nu9\/#organization","name":"Profit T\u00fcrkiye","url":"https:\/\/www.profitturkey.com\/cd9nu9\/","logo":{"@type":"ImageObject","inLanguage":"en-US","@id":"https:\/\/www.profitturkey.com\/cd9nu9\/#\/schema\/logo\/image\/","url":"https:\/\/www.profitturkey.com\/wp-content\/uploads\/2020\/08\/Profit_edited.png","contentUrl":"https:\/\/www.profitturkey.com\/wp-content\/uploads\/2020\/08\/Profit_edited.png","width":386,"height":125,"caption":"Profit T\u00fcrkiye"},"image":{"@id":"https:\/\/www.profitturkey.com\/cd9nu9\/#\/schema\/logo\/image\/"}}]}},"_links":{"self":[{"href":"https:\/\/www.profitturkey.com\/cd9nu9\/wp-json\/wp\/v2\/pages\/146","targetHints":{"allow":["GET"]}}],"collection":[{"href":"https:\/\/www.profitturkey.com\/cd9nu9\/wp-json\/wp\/v2\/pages"}],"about":[{"href":"https:\/\/www.profitturkey.com\/cd9nu9\/wp-json\/wp\/v2\/types\/page"}],"author":[{"embeddable":true,"href":"https:\/\/www.profitturkey.com\/cd9nu9\/wp-json\/wp\/v2\/users\/1"}],"replies":[{"embeddable":true,"href":"https:\/\/www.profitturkey.com\/cd9nu9\/wp-json\/wp\/v2\/comments?post=146"}],"version-history":[{"count":7,"href":"https:\/\/www.profitturkey.com\/cd9nu9\/wp-json\/wp\/v2\/pages\/146\/revisions"}],"predecessor-version":[{"id":332,"href":"https:\/\/www.profitturkey.com\/cd9nu9\/wp-json\/wp\/v2\/pages\/146\/revisions\/332"}],"wp:attachment":[{"href":"https:\/\/www.profitturkey.com\/cd9nu9\/wp-json\/wp\/v2\/media?parent=146"}],"curies":[{"name":"wp","href":"https:\/\/api.w.org\/{rel}","templated":true}]}}