{"id":127,"date":"2020-10-14T20:18:43","date_gmt":"2020-10-14T17:18:43","guid":{"rendered":"https:\/\/www.profitturkey.com\/?page_id=127"},"modified":"2020-11-03T19:52:30","modified_gmt":"2020-11-03T16:52:30","slug":"gayrimenkul_yatirim","status":"publish","type":"page","link":"https:\/\/www.profitturkey.com\/cd9nu9\/gayrimenkul_yatirim\/","title":{"rendered":"Gayrimenkul Yat\u0131r\u0131m Dan\u0131\u015fmanl\u0131\u011f\u0131"},"content":{"rendered":"\t\t<div data-elementor-type=\"wp-page\" data-elementor-id=\"127\" class=\"elementor elementor-127\">\n\t\t\t\t\t\t<section class=\"elementor-section elementor-top-section elementor-element elementor-element-b36c520 elementor-section-boxed elementor-section-height-default elementor-section-height-default\" data-id=\"b36c520\" data-element_type=\"section\" data-e-type=\"section\">\n\t\t\t\t\t\t<div class=\"elementor-container elementor-column-gap-default\">\n\t\t\t\t\t<div class=\"elementor-column elementor-col-100 elementor-top-column elementor-element elementor-element-10d7ed4\" data-id=\"10d7ed4\" data-element_type=\"column\" data-e-type=\"column\">\n\t\t\t<div class=\"elementor-widget-wrap elementor-element-populated\">\n\t\t\t\t\t\t<div class=\"elementor-element elementor-element-fc07e8b elementor-widget elementor-widget-heading\" data-id=\"fc07e8b\" data-element_type=\"widget\" data-e-type=\"widget\" data-widget_type=\"heading.default\">\n\t\t\t\t<div class=\"elementor-widget-container\">\n\t\t\t\t\t<h2 class=\"elementor-heading-title elementor-size-default\">Gayrimenkul Yat\u0131r\u0131m Dan\u0131\u015fmanl\u0131\u011f\u0131<\/h2>\t\t\t\t<\/div>\n\t\t\t\t<\/div>\n\t\t\t\t<section class=\"elementor-section elementor-inner-section elementor-element elementor-element-77c7955 elementor-section-boxed elementor-section-height-default elementor-section-height-default\" data-id=\"77c7955\" data-element_type=\"section\" data-e-type=\"section\">\n\t\t\t\t\t\t<div class=\"elementor-container elementor-column-gap-default\">\n\t\t\t\t\t<div class=\"elementor-column elementor-col-50 elementor-inner-column elementor-element elementor-element-4f3fdd4\" data-id=\"4f3fdd4\" data-element_type=\"column\" data-e-type=\"column\">\n\t\t\t<div class=\"elementor-widget-wrap elementor-element-populated\">\n\t\t\t\t\t\t<div class=\"elementor-element elementor-element-c0b1f97 elementor-widget elementor-widget-text-editor\" data-id=\"c0b1f97\" data-element_type=\"widget\" data-e-type=\"widget\" data-widget_type=\"text-editor.default\">\n\t\t\t\t<div class=\"elementor-widget-container\">\n\t\t\t\t\t\t\t\t\t<p>Profit T\u00fcrkiye, ticari gayrimenkul (ofis, ma\u011faza, arsa, fabrika) sat\u0131\u015f, al\u0131m ve kiralama s\u00fcrecinde yat\u0131r\u0131mc\u0131lar\u0131n en \u00fcst d\u00fczeyde kazan\u00e7 elde etmesi i\u00e7in dan\u0131\u015fmanl\u0131k hizmeti ve \u00f6zenle haz\u0131rlanm\u0131\u015f detayl\u0131 yat\u0131r\u0131m raporlar\u0131 sunar.<\/p>\n<p><b>Sat\u0131\u015f s\u00fcrecinde;<\/b><\/p>\n<ul>\n<li>Ticari gayrimenkul\u00fcn en uygun fiyatland\u0131rmas\u0131n\u0131n yap\u0131lmas\u0131,<\/li>\n<li>Ticari gayrimenkul i\u00e7in uygun pazarlama y\u00f6nteminin se\u00e7ilmesi ve olas\u0131 yat\u0131r\u0131mc\u0131 listesinin haz\u0131rlanmas\u0131,<\/li>\n<li>Ticari gayrimenkul hakk\u0131nda detayl\u0131 bilgi, analiz ve g\u00f6rselleri i\u00e7eren tan\u0131t\u0131mlar\u0131n olu\u015fturulmas\u0131,<\/li>\n<li>Potansiyel yat\u0131r\u0131mc\u0131lar\u0131n se\u00e7ilmesi ve m\u00fczakere s\u00fcre\u00e7lerinin y\u00f6netilmesi,<\/li>\n<li>Hukuk ve vergi a\u00e7\u0131s\u0131ndan sat\u0131\u015f s\u00fcrecinin problemsiz bir \u015fekilde sonu\u00e7land\u0131r\u0131lmas\u0131.<\/li>\n<\/ul>\n<p><b>Al\u0131m s\u00fcrecinde;<\/b><\/p>\n<ul>\n<li>Ticari gayrimenkul\u00fcn beklenen kira ve geri d\u00f6n\u00fc\u015f zaman\u0131 do\u011frultusunda do\u011fru fiyatland\u0131r\u0131lmas\u0131,<\/li>\n<li>Detayl\u0131 analizleri i\u00e7eren yat\u0131r\u0131m raporunun haz\u0131rlanmas\u0131,<\/li>\n<li>Al\u0131m m\u00fczakerelerini y\u00f6netilmesi,<\/li>\n<li>Sat\u0131\u015f s\u00fcrecinin problemsiz bir \u015fekilde sonu\u00e7land\u0131r\u0131lmas\u0131.<\/li>\n<\/ul>\n<p><b>Kiralama s\u00fcrecinde;<\/b><\/p>\n<ul>\n<li>M\u00fc\u015fterinin ihtiya\u00e7lar\u0131n\u0131n belirlenmesi,<\/li>\n<li>\u0130\u015f plan\u0131n\u0131n haz\u0131rlanmas\u0131,<\/li>\n<li>\u0130htiyaca y\u00f6nelik alternatiflerinin ara\u015ft\u0131r\u0131lmas\u0131, raporlanmas\u0131 ve gezdirilmesi,<\/li>\n<li>K\u0131sa listeye kalan alternatifler i\u00e7in niteliksel ve mali analizlerin yap\u0131lmas\u0131,<\/li>\n<li>Taraflar aras\u0131nda pazarl\u0131k g\u00f6r\u00fc\u015fmelerinin y\u00fcr\u00fct\u00fclmesi,<\/li>\n<li>Kontrat g\u00f6r\u00fc\u015fmelerine dan\u0131\u015fmanl\u0131k ve arac\u0131l\u0131k edilmesi.<\/li>\n<\/ul>\t\t\t\t\t\t\t\t<\/div>\n\t\t\t\t<\/div>\n\t\t\t\t\t<\/div>\n\t\t<\/div>\n\t\t\t\t<div class=\"elementor-column elementor-col-50 elementor-inner-column elementor-element elementor-element-35f6e81\" data-id=\"35f6e81\" data-element_type=\"column\" data-e-type=\"column\">\n\t\t\t<div class=\"elementor-widget-wrap elementor-element-populated\">\n\t\t\t\t\t\t<div class=\"elementor-element elementor-element-2c3aa66 elementor-widget elementor-widget-image\" data-id=\"2c3aa66\" data-element_type=\"widget\" data-e-type=\"widget\" data-widget_type=\"image.default\">\n\t\t\t\t<div class=\"elementor-widget-container\">\n\t\t\t\t\t\t\t\t\t\t\t\t\t\t\t<img fetchpriority=\"high\" decoding=\"async\" width=\"1024\" height=\"705\" src=\"https:\/\/www.profitturkey.com\/cd9nu9\/wp-content\/uploads\/2020\/11\/investment-e1604332830725-1024x705.jpg\" class=\"attachment-large size-large wp-image-226\" alt=\"\" srcset=\"https:\/\/www.profitturkey.com\/cd9nu9\/wp-content\/uploads\/2020\/11\/investment-e1604332830725-1024x705.jpg 1024w, https:\/\/www.profitturkey.com\/cd9nu9\/wp-content\/uploads\/2020\/11\/investment-e1604332830725-300x207.jpg 300w, https:\/\/www.profitturkey.com\/cd9nu9\/wp-content\/uploads\/2020\/11\/investment-e1604332830725-768x529.jpg 768w, https:\/\/www.profitturkey.com\/cd9nu9\/wp-content\/uploads\/2020\/11\/investment-e1604332830725.jpg 1352w\" sizes=\"(max-width: 1024px) 100vw, 1024px\" \/>\t\t\t\t\t\t\t\t\t\t\t\t\t\t\t<\/div>\n\t\t\t\t<\/div>\n\t\t\t\t\t<\/div>\n\t\t<\/div>\n\t\t\t\t\t<\/div>\n\t\t<\/section>\n\t\t\t\t\t<\/div>\n\t\t<\/div>\n\t\t\t\t\t<\/div>\n\t\t<\/section>\n\t\t\t\t<\/div>\n\t\t","protected":false},"excerpt":{"rendered":"<p>Gayrimenkul Yat\u0131r\u0131m Dan\u0131\u015fmanl\u0131\u011f\u0131 Profit T\u00fcrkiye, ticari gayrimenkul (ofis, ma\u011faza, arsa, fabrika) sat\u0131\u015f, al\u0131m ve kiralama s\u00fcrecinde yat\u0131r\u0131mc\u0131lar\u0131n en \u00fcst d\u00fczeyde kazan\u00e7 elde etmesi i\u00e7in dan\u0131\u015fmanl\u0131k hizmeti ve \u00f6zenle haz\u0131rlanm\u0131\u015f detayl\u0131 yat\u0131r\u0131m raporlar\u0131 sunar. Sat\u0131\u015f s\u00fcrecinde; Ticari gayrimenkul\u00fcn en uygun fiyatland\u0131rmas\u0131n\u0131n yap\u0131lmas\u0131, Ticari gayrimenkul i\u00e7in uygun pazarlama y\u00f6nteminin se\u00e7ilmesi ve olas\u0131 yat\u0131r\u0131mc\u0131 listesinin haz\u0131rlanmas\u0131, Ticari gayrimenkul [&hellip;]<\/p>\n","protected":false},"author":1,"featured_media":0,"parent":0,"menu_order":0,"comment_status":"closed","ping_status":"closed","template":"","meta":{"om_disable_all_campaigns":false,"_monsterinsights_skip_tracking":false,"_monsterinsights_sitenote_active":false,"_monsterinsights_sitenote_note":"","_monsterinsights_sitenote_category":0,"site-sidebar-layout":"no-sidebar","site-content-layout":"page-builder","ast-site-content-layout":"default","site-content-style":"default","site-sidebar-style":"default","ast-global-header-display":"","ast-banner-title-visibility":"","ast-main-header-display":"","ast-hfb-above-header-display":"","ast-hfb-below-header-display":"","ast-hfb-mobile-header-display":"","site-post-title":"disabled","ast-breadcrumbs-content":"","ast-featured-img":"disabled","footer-sml-layout":"","ast-disable-related-posts":"","theme-transparent-header-meta":"default","adv-header-id-meta":"","stick-header-meta":"","header-above-stick-meta":"","header-main-stick-meta":"","header-below-stick-meta":"","astra-migrate-meta-layouts":"default","ast-page-background-enabled":"default","ast-page-background-meta":{"desktop":{"background-color":"","background-image":"","background-repeat":"repeat","background-position":"center center","background-size":"auto","background-attachment":"scroll","background-type":"","background-media":"","overlay-type":"","overlay-color":"","overlay-opacity":"","overlay-gradient":""},"tablet":{"background-color":"","background-image":"","background-repeat":"repeat","background-position":"center center","background-size":"auto","background-attachment":"scroll","background-type":"","background-media":"","overlay-type":"","overlay-color":"","overlay-opacity":"","overlay-gradient":""},"mobile":{"background-color":"","background-image":"","background-repeat":"repeat","background-position":"center center","background-size":"auto","background-attachment":"scroll","background-type":"","background-media":"","overlay-type":"","overlay-color":"","overlay-opacity":"","overlay-gradient":""}},"ast-content-background-meta":{"desktop":{"background-color":"var(--ast-global-color-5)","background-image":"","background-repeat":"repeat","background-position":"center center","background-size":"auto","background-attachment":"scroll","background-type":"","background-media":"","overlay-type":"","overlay-color":"","overlay-opacity":"","overlay-gradient":""},"tablet":{"background-color":"var(--ast-global-color-5)","background-image":"","background-repeat":"repeat","background-position":"center center","background-size":"auto","background-attachment":"scroll","background-type":"","background-media":"","overlay-type":"","overlay-color":"","overlay-opacity":"","overlay-gradient":""},"mobile":{"background-color":"var(--ast-global-color-5)","background-image":"","background-repeat":"repeat","background-position":"center center","background-size":"auto","background-attachment":"scroll","background-type":"","background-media":"","overlay-type":"","overlay-color":"","overlay-opacity":"","overlay-gradient":""}},"footnotes":""},"class_list":["post-127","page","type-page","status-publish","hentry"],"yoast_head":"<!-- This site is optimized with the Yoast SEO plugin v27.5 - https:\/\/yoast.com\/product\/yoast-seo-wordpress\/ -->\n<title>Gayrimenkul Yat\u0131r\u0131m Dan\u0131\u015fmanl\u0131\u011f\u0131 - Profit T\u00fcrkiye<\/title>\n<meta name=\"robots\" content=\"index, follow, max-snippet:-1, max-image-preview:large, max-video-preview:-1\" \/>\n<link rel=\"canonical\" href=\"https:\/\/www.profitturkey.com\/cd9nu9\/gayrimenkul_yatirim\/\" \/>\n<meta property=\"og:locale\" content=\"en_US\" \/>\n<meta property=\"og:type\" content=\"article\" \/>\n<meta property=\"og:title\" content=\"Gayrimenkul Yat\u0131r\u0131m Dan\u0131\u015fmanl\u0131\u011f\u0131 - Profit T\u00fcrkiye\" \/>\n<meta property=\"og:description\" content=\"Gayrimenkul Yat\u0131r\u0131m Dan\u0131\u015fmanl\u0131\u011f\u0131 Profit T\u00fcrkiye, ticari gayrimenkul (ofis, ma\u011faza, arsa, fabrika) sat\u0131\u015f, al\u0131m ve kiralama s\u00fcrecinde yat\u0131r\u0131mc\u0131lar\u0131n en \u00fcst d\u00fczeyde kazan\u00e7 elde etmesi i\u00e7in dan\u0131\u015fmanl\u0131k hizmeti ve \u00f6zenle haz\u0131rlanm\u0131\u015f detayl\u0131 yat\u0131r\u0131m raporlar\u0131 sunar. Sat\u0131\u015f s\u00fcrecinde; Ticari gayrimenkul\u00fcn en uygun fiyatland\u0131rmas\u0131n\u0131n yap\u0131lmas\u0131, Ticari gayrimenkul i\u00e7in uygun pazarlama y\u00f6nteminin se\u00e7ilmesi ve olas\u0131 yat\u0131r\u0131mc\u0131 listesinin haz\u0131rlanmas\u0131, Ticari gayrimenkul [&hellip;]\" \/>\n<meta property=\"og:url\" content=\"https:\/\/www.profitturkey.com\/cd9nu9\/gayrimenkul_yatirim\/\" \/>\n<meta property=\"og:site_name\" content=\"Profit T\u00fcrkiye\" \/>\n<meta property=\"article:modified_time\" content=\"2020-11-03T16:52:30+00:00\" \/>\n<meta property=\"og:image\" content=\"https:\/\/www.profitturkey.com\/wp-content\/uploads\/2020\/11\/investment-e1604332830725-1024x705.jpg\" \/>\n<meta name=\"twitter:card\" content=\"summary_large_image\" \/>\n<meta name=\"twitter:label1\" content=\"Est. reading time\" \/>\n\t<meta name=\"twitter:data1\" content=\"1 minute\" \/>\n<script type=\"application\/ld+json\" class=\"yoast-schema-graph\">{\"@context\":\"https:\\\/\\\/schema.org\",\"@graph\":[{\"@type\":\"WebPage\",\"@id\":\"https:\\\/\\\/www.profitturkey.com\\\/cd9nu9\\\/gayrimenkul_yatirim\\\/\",\"url\":\"https:\\\/\\\/www.profitturkey.com\\\/cd9nu9\\\/gayrimenkul_yatirim\\\/\",\"name\":\"Gayrimenkul Yat\u0131r\u0131m Dan\u0131\u015fmanl\u0131\u011f\u0131 - Profit T\u00fcrkiye\",\"isPartOf\":{\"@id\":\"https:\\\/\\\/www.profitturkey.com\\\/cd9nu9\\\/#website\"},\"primaryImageOfPage\":{\"@id\":\"https:\\\/\\\/www.profitturkey.com\\\/cd9nu9\\\/gayrimenkul_yatirim\\\/#primaryimage\"},\"image\":{\"@id\":\"https:\\\/\\\/www.profitturkey.com\\\/cd9nu9\\\/gayrimenkul_yatirim\\\/#primaryimage\"},\"thumbnailUrl\":\"https:\\\/\\\/www.profitturkey.com\\\/wp-content\\\/uploads\\\/2020\\\/11\\\/investment-e1604332830725-1024x705.jpg\",\"datePublished\":\"2020-10-14T17:18:43+00:00\",\"dateModified\":\"2020-11-03T16:52:30+00:00\",\"breadcrumb\":{\"@id\":\"https:\\\/\\\/www.profitturkey.com\\\/cd9nu9\\\/gayrimenkul_yatirim\\\/#breadcrumb\"},\"inLanguage\":\"en-US\",\"potentialAction\":[{\"@type\":\"ReadAction\",\"target\":[\"https:\\\/\\\/www.profitturkey.com\\\/cd9nu9\\\/gayrimenkul_yatirim\\\/\"]}]},{\"@type\":\"ImageObject\",\"inLanguage\":\"en-US\",\"@id\":\"https:\\\/\\\/www.profitturkey.com\\\/cd9nu9\\\/gayrimenkul_yatirim\\\/#primaryimage\",\"url\":\"https:\\\/\\\/www.profitturkey.com\\\/wp-content\\\/uploads\\\/2020\\\/11\\\/investment-e1604332830725-1024x705.jpg\",\"contentUrl\":\"https:\\\/\\\/www.profitturkey.com\\\/wp-content\\\/uploads\\\/2020\\\/11\\\/investment-e1604332830725-1024x705.jpg\"},{\"@type\":\"BreadcrumbList\",\"@id\":\"https:\\\/\\\/www.profitturkey.com\\\/cd9nu9\\\/gayrimenkul_yatirim\\\/#breadcrumb\",\"itemListElement\":[{\"@type\":\"ListItem\",\"position\":1,\"name\":\"Home\",\"item\":\"https:\\\/\\\/www.profitturkey.com\\\/\"},{\"@type\":\"ListItem\",\"position\":2,\"name\":\"Gayrimenkul Yat\u0131r\u0131m Dan\u0131\u015fmanl\u0131\u011f\u0131\"}]},{\"@type\":\"WebSite\",\"@id\":\"https:\\\/\\\/www.profitturkey.com\\\/cd9nu9\\\/#website\",\"url\":\"https:\\\/\\\/www.profitturkey.com\\\/cd9nu9\\\/\",\"name\":\"Profit T\u00fcrkiye\",\"description\":\"Profitable Solutions\",\"publisher\":{\"@id\":\"https:\\\/\\\/www.profitturkey.com\\\/cd9nu9\\\/#organization\"},\"potentialAction\":[{\"@type\":\"SearchAction\",\"target\":{\"@type\":\"EntryPoint\",\"urlTemplate\":\"https:\\\/\\\/www.profitturkey.com\\\/cd9nu9\\\/?s={search_term_string}\"},\"query-input\":{\"@type\":\"PropertyValueSpecification\",\"valueRequired\":true,\"valueName\":\"search_term_string\"}}],\"inLanguage\":\"en-US\"},{\"@type\":\"Organization\",\"@id\":\"https:\\\/\\\/www.profitturkey.com\\\/cd9nu9\\\/#organization\",\"name\":\"Profit T\u00fcrkiye\",\"url\":\"https:\\\/\\\/www.profitturkey.com\\\/cd9nu9\\\/\",\"logo\":{\"@type\":\"ImageObject\",\"inLanguage\":\"en-US\",\"@id\":\"https:\\\/\\\/www.profitturkey.com\\\/cd9nu9\\\/#\\\/schema\\\/logo\\\/image\\\/\",\"url\":\"https:\\\/\\\/www.profitturkey.com\\\/wp-content\\\/uploads\\\/2020\\\/08\\\/Profit_edited.png\",\"contentUrl\":\"https:\\\/\\\/www.profitturkey.com\\\/wp-content\\\/uploads\\\/2020\\\/08\\\/Profit_edited.png\",\"width\":386,\"height\":125,\"caption\":\"Profit T\u00fcrkiye\"},\"image\":{\"@id\":\"https:\\\/\\\/www.profitturkey.com\\\/cd9nu9\\\/#\\\/schema\\\/logo\\\/image\\\/\"}}]}<\/script>\n<!-- \/ Yoast SEO plugin. -->","yoast_head_json":{"title":"Gayrimenkul Yat\u0131r\u0131m Dan\u0131\u015fmanl\u0131\u011f\u0131 - Profit T\u00fcrkiye","robots":{"index":"index","follow":"follow","max-snippet":"max-snippet:-1","max-image-preview":"max-image-preview:large","max-video-preview":"max-video-preview:-1"},"canonical":"https:\/\/www.profitturkey.com\/cd9nu9\/gayrimenkul_yatirim\/","og_locale":"en_US","og_type":"article","og_title":"Gayrimenkul Yat\u0131r\u0131m Dan\u0131\u015fmanl\u0131\u011f\u0131 - Profit T\u00fcrkiye","og_description":"Gayrimenkul Yat\u0131r\u0131m Dan\u0131\u015fmanl\u0131\u011f\u0131 Profit T\u00fcrkiye, ticari gayrimenkul (ofis, ma\u011faza, arsa, fabrika) sat\u0131\u015f, al\u0131m ve kiralama s\u00fcrecinde yat\u0131r\u0131mc\u0131lar\u0131n en \u00fcst d\u00fczeyde kazan\u00e7 elde etmesi i\u00e7in dan\u0131\u015fmanl\u0131k hizmeti ve \u00f6zenle haz\u0131rlanm\u0131\u015f detayl\u0131 yat\u0131r\u0131m raporlar\u0131 sunar. Sat\u0131\u015f s\u00fcrecinde; Ticari gayrimenkul\u00fcn en uygun fiyatland\u0131rmas\u0131n\u0131n yap\u0131lmas\u0131, Ticari gayrimenkul i\u00e7in uygun pazarlama y\u00f6nteminin se\u00e7ilmesi ve olas\u0131 yat\u0131r\u0131mc\u0131 listesinin haz\u0131rlanmas\u0131, Ticari gayrimenkul [&hellip;]","og_url":"https:\/\/www.profitturkey.com\/cd9nu9\/gayrimenkul_yatirim\/","og_site_name":"Profit T\u00fcrkiye","article_modified_time":"2020-11-03T16:52:30+00:00","og_image":[{"url":"https:\/\/www.profitturkey.com\/wp-content\/uploads\/2020\/11\/investment-e1604332830725-1024x705.jpg","type":"","width":"","height":""}],"twitter_card":"summary_large_image","twitter_misc":{"Est. reading time":"1 minute"},"schema":{"@context":"https:\/\/schema.org","@graph":[{"@type":"WebPage","@id":"https:\/\/www.profitturkey.com\/cd9nu9\/gayrimenkul_yatirim\/","url":"https:\/\/www.profitturkey.com\/cd9nu9\/gayrimenkul_yatirim\/","name":"Gayrimenkul Yat\u0131r\u0131m Dan\u0131\u015fmanl\u0131\u011f\u0131 - Profit T\u00fcrkiye","isPartOf":{"@id":"https:\/\/www.profitturkey.com\/cd9nu9\/#website"},"primaryImageOfPage":{"@id":"https:\/\/www.profitturkey.com\/cd9nu9\/gayrimenkul_yatirim\/#primaryimage"},"image":{"@id":"https:\/\/www.profitturkey.com\/cd9nu9\/gayrimenkul_yatirim\/#primaryimage"},"thumbnailUrl":"https:\/\/www.profitturkey.com\/wp-content\/uploads\/2020\/11\/investment-e1604332830725-1024x705.jpg","datePublished":"2020-10-14T17:18:43+00:00","dateModified":"2020-11-03T16:52:30+00:00","breadcrumb":{"@id":"https:\/\/www.profitturkey.com\/cd9nu9\/gayrimenkul_yatirim\/#breadcrumb"},"inLanguage":"en-US","potentialAction":[{"@type":"ReadAction","target":["https:\/\/www.profitturkey.com\/cd9nu9\/gayrimenkul_yatirim\/"]}]},{"@type":"ImageObject","inLanguage":"en-US","@id":"https:\/\/www.profitturkey.com\/cd9nu9\/gayrimenkul_yatirim\/#primaryimage","url":"https:\/\/www.profitturkey.com\/wp-content\/uploads\/2020\/11\/investment-e1604332830725-1024x705.jpg","contentUrl":"https:\/\/www.profitturkey.com\/wp-content\/uploads\/2020\/11\/investment-e1604332830725-1024x705.jpg"},{"@type":"BreadcrumbList","@id":"https:\/\/www.profitturkey.com\/cd9nu9\/gayrimenkul_yatirim\/#breadcrumb","itemListElement":[{"@type":"ListItem","position":1,"name":"Home","item":"https:\/\/www.profitturkey.com\/"},{"@type":"ListItem","position":2,"name":"Gayrimenkul Yat\u0131r\u0131m Dan\u0131\u015fmanl\u0131\u011f\u0131"}]},{"@type":"WebSite","@id":"https:\/\/www.profitturkey.com\/cd9nu9\/#website","url":"https:\/\/www.profitturkey.com\/cd9nu9\/","name":"Profit T\u00fcrkiye","description":"Profitable Solutions","publisher":{"@id":"https:\/\/www.profitturkey.com\/cd9nu9\/#organization"},"potentialAction":[{"@type":"SearchAction","target":{"@type":"EntryPoint","urlTemplate":"https:\/\/www.profitturkey.com\/cd9nu9\/?s={search_term_string}"},"query-input":{"@type":"PropertyValueSpecification","valueRequired":true,"valueName":"search_term_string"}}],"inLanguage":"en-US"},{"@type":"Organization","@id":"https:\/\/www.profitturkey.com\/cd9nu9\/#organization","name":"Profit T\u00fcrkiye","url":"https:\/\/www.profitturkey.com\/cd9nu9\/","logo":{"@type":"ImageObject","inLanguage":"en-US","@id":"https:\/\/www.profitturkey.com\/cd9nu9\/#\/schema\/logo\/image\/","url":"https:\/\/www.profitturkey.com\/wp-content\/uploads\/2020\/08\/Profit_edited.png","contentUrl":"https:\/\/www.profitturkey.com\/wp-content\/uploads\/2020\/08\/Profit_edited.png","width":386,"height":125,"caption":"Profit T\u00fcrkiye"},"image":{"@id":"https:\/\/www.profitturkey.com\/cd9nu9\/#\/schema\/logo\/image\/"}}]}},"_links":{"self":[{"href":"https:\/\/www.profitturkey.com\/cd9nu9\/wp-json\/wp\/v2\/pages\/127","targetHints":{"allow":["GET"]}}],"collection":[{"href":"https:\/\/www.profitturkey.com\/cd9nu9\/wp-json\/wp\/v2\/pages"}],"about":[{"href":"https:\/\/www.profitturkey.com\/cd9nu9\/wp-json\/wp\/v2\/types\/page"}],"author":[{"embeddable":true,"href":"https:\/\/www.profitturkey.com\/cd9nu9\/wp-json\/wp\/v2\/users\/1"}],"replies":[{"embeddable":true,"href":"https:\/\/www.profitturkey.com\/cd9nu9\/wp-json\/wp\/v2\/comments?post=127"}],"version-history":[{"count":12,"href":"https:\/\/www.profitturkey.com\/cd9nu9\/wp-json\/wp\/v2\/pages\/127\/revisions"}],"predecessor-version":[{"id":326,"href":"https:\/\/www.profitturkey.com\/cd9nu9\/wp-json\/wp\/v2\/pages\/127\/revisions\/326"}],"wp:attachment":[{"href":"https:\/\/www.profitturkey.com\/cd9nu9\/wp-json\/wp\/v2\/media?parent=127"}],"curies":[{"name":"wp","href":"https:\/\/api.w.org\/{rel}","templated":true}]}}